
{"id":95,"date":"2023-05-22T15:34:23","date_gmt":"2023-05-22T13:34:23","guid":{"rendered":"http:\/\/152.10.132.158\/?page_id=95"},"modified":"2024-12-18T17:24:21","modified_gmt":"2024-12-18T16:24:21","slug":"igel-leistungen-2","status":"publish","type":"page","link":"https:\/\/www.labormedizin-darmstadt.de\/index.php\/igel-leistungen-2\/","title":{"rendered":"IGEL-Leistungen"},"content":{"rendered":"\n<p><br><strong>Die wichtigsten IGEL-Anforderungen f\u00fcr Selbstzahler mit den dazugeh\u00f6rigen Preisen<\/strong> (nur Barzahlung m\u00f6glich):<\/p>\n\n\n\n\n\n<figure class=\"wp-block-table is-style-stripes\"><table><tbody><tr><td>SARS-CoV-2-IgG (Antik\u00f6rpertest)(erst 21 Tage nach Symptomen\/Erkrankung testen, Sensitivit\u00e4t 93%, Spezifit\u00e4t 98,5%)<\/td><td>29,74 \u20ac<\/td><\/tr><tr><td>Kreatinin<\/td><td>2,33 \u20ac<\/td><\/tr><tr><td>Beta-HCG<\/td><td>14,57 \u20ac<\/td><\/tr><tr><td>Blutbild gr. (rote u. wei\u00dfe Blutzellen)<\/td><td>4,67 \u20ac<\/td><\/tr><tr><td>Blutgruppe<\/td><td>37,30 \u20ac<\/td><\/tr><tr><td>Blutzucker<\/td><td>2,33 \u20ac<\/td><\/tr><tr><td>BSG<\/td><td>2,33 \u20ac<\/td><\/tr><tr><td>CRP<\/td><td>11,66 \u20ac<\/td><\/tr><tr><td>DHEA-S<\/td><td>20,40 \u20ac<\/td><\/tr><tr><td>Drogen im Urin (pro Substanz)<\/td><td>14,57 \u20ac<\/td><\/tr><tr><td>Estradiol<\/td><td>20,40 \u20ac<\/td><\/tr><tr><td>Ferritin (Eisenspeicher)<\/td><td>14,57 \u20ac<\/td><\/tr><tr><td>Fols\u00e4ure<\/td><td>14,57 \u20ac<\/td><\/tr><tr><td>FSH<\/td><td>14,57 \u20ac<\/td><\/tr><tr><td>TSH<\/td><td>14,57 \u20ac<\/td><\/tr><tr><td>FT3<\/td><td>14,57 \u20ac<\/td><\/tr><tr><td>FT4<\/td><td>14,57 \u20ac<\/td><\/tr><tr><td>Hba1c<\/td><td>11,66 \u20ac<\/td><\/tr><tr><td>Hepatitis-B-AG (Antigen)<\/td><td>14,57 \u20ac<\/td><\/tr><tr><td>Hepatitis-B-AK (Impfschutz)<\/td><td>13,99 \u20ac<\/td><\/tr><tr><td>Hepatitis-A-AK (Antik\u00f6rper)<\/td><td>13,99 \u20ac<\/td><\/tr><tr><td>Hepatitis-C-AK (Antik\u00f6rper)<\/td><td>23,31 \u20ac<\/td><\/tr><tr><td>HIV-Test<\/td><td>17,49 \u20ac<\/td><\/tr><tr><td>Homocystein<\/td><td>27,98 \u20ac<\/td><\/tr><tr><td>Cholesterin<\/td><td>2,33 \u20ac<\/td><\/tr><tr><td>Lipoprotein a<\/td><td>17,49 \u20ac<\/td><\/tr><tr><td>LUES-AK \/ TPHA (Syphilis)<\/td><td>13,41 \u20ac<\/td><\/tr><tr><td>Magnesium<\/td><td>5,25 \u20ac<\/td><\/tr><tr><td>PSA<\/td><td>17,49 \u20ac<\/td><\/tr><tr><td>SHBG<\/td><td>26,23 \u20ac<\/td><\/tr><tr><td>Progesteron<\/td><td>20,40 \u20ac<\/td><\/tr><tr><td>PTT<\/td><td>4,08 \u20ac<\/td><\/tr><tr><td>Quick<\/td><td>4,08 \u20ac<\/td><\/tr><tr><td>Testosteron<\/td><td>20,40 \u20ac<\/td><\/tr><tr><td>Urin-Status<\/td><td>2,04 \u20ac<\/td><\/tr><tr><td>Vitamin B12<\/td><td>14,57 \u20ac<\/td><\/tr><tr><td>Vitamin D<\/td><td>27,98 \u20ac<\/td><\/tr><tr><td>Zink<\/td><td>5,25 \u20ac<\/td><\/tr><\/tbody><\/table><\/figure>\n\n\n\n<h4 class=\"wp-block-heading\">Durchf\u00fchrung AIDS-Test \/ HIV-Test im Labor Darmstadt<\/h4>\n\n\n\n<p>Eine anonyme Durchf\u00fchrung ist m\u00f6glich, bei Blutentnahme vormittags liegt das Ergebnis bis 16.00 Uhr vor. Eine im Test messbare Antik\u00f6rperantwort auf eine Infektion erfolgt i.d.R. nach 3 &#8211; 12 Wochen.<br><\/p>\n\n\n\n<h4 class=\"wp-block-heading\"><br>Schwangerschaftstest im Blut<\/h4>\n\n\n\n<p>Gemessen wird, wie beim Schwangerschaftstest im Urin, das Hormon Beta-HCG. Werte \u00fcber 5 Einheiten sprechen f\u00fcr eine Schwangerschaft. Die Schwangerschaft muss durch einen Frauenarzt best\u00e4tigt werden, da erh\u00f6hte Beta-HCG-Werte in seltenen F\u00e4llen auch andere Ursachen als eine Schwangerschaft haben k\u00f6nnen. Der Test ist sehr empfindlich und zeigt eine Schwangerschaft fr\u00fcher an, als der Test im Urin, z.T. bereits vor dem Ausbleiben der Regelblutung. Eine Gravidit\u00e4t ist ab dem 6.-8. Tag nach der Konzeption nachweisbar. <\/p>\n\n\n\n<h4 class=\"wp-block-heading\"><br>Drogentests<\/h4>\n\n\n\n<p>In unserem Labor f\u00fchren wir im Urin Drogenteste auf folgende Substanzen durch:<\/p>\n\n\n\n<ul class=\"wp-block-list\">\n<li>Cannabinoide (Marihuana, Haschisch)<\/li>\n\n\n\n<li>Cocain<\/li>\n\n\n\n<li>Amphetamine (Ecstasy)<\/li>\n\n\n\n<li>Opiate<\/li>\n\n\n\n<li>Barbiturate<\/li>\n\n\n\n<li>Benzodiazepine<\/li>\n\n\n\n<li>Methadon<\/li>\n<\/ul>\n\n\n\n<p><br>Durchf\u00fchrung:<\/p>\n\n\n\n<p>Nutzen Sie bitte unser <a href=\"http:\/\/termine.labormedizin-darmstadt.de\">Terminportal<\/a> f\u00fcr eine Urinabgabe. Vor Ort im Labor muss Ihre Harnblase gef\u00fcllt mit sp\u00fcrbarem Harndrang sein. Bitte trinken Sie vorher ausreichend. Im Labor werden keine Getr\u00e4nke angeboten.<\/p>\n\n\n\n<p>F\u00fcr gerichtliche Gutachten ist eine \u00e4rztliche Aufsicht erforderlich. Diese verlangt eine komplett freie Sicht auf die Urinabgabe. Dabei ist die entsprechende Kleidung zu entfernen. <\/p>\n\n\n\n<p>Die gew\u00fcnschten Untersuchungen werden mit den allgemein anerkannten Reagenzien als EIA (Enzym-Immuno-Assay) durchgef\u00fchrt.<\/p>\n\n\n\n<p>Nur bei positiven Resultaten, die juristisch gegen eine Person verwendet werden sollen, muss eine Best\u00e4tigungsanalyse mit einem anderen Testverfahren (z. B. GC\/MS oder HPLC) durchgef\u00fchrt werden.<\/p>\n\n\n\n<p>Der Drogentest wird von einer Urinprobe gemacht, da die Drogen auch so wieder ausgeschieden werden. Drogenteste im Blut sind aufwendiger und nicht genauer. Mit einem Drogennachweis im Haar kann ein auch l\u00e4nger zur\u00fcckliegender Drogenkonsum nachgewiesen werden. Drogenteste im Blut und Haar f\u00fchren wir nicht durch.<br><\/p>\n\n\n\n<p><a href=\"javascript:history.back()\"><\/a><\/p>\n\n\n\n<hr class=\"wp-block-separator has-alpha-channel-opacity\"\/>\n\n\n\n<p class=\"has-text-color\" style=\"color:#6e6e6e\">\u00a9 2025 Dr. Stephan Wehrenfennig &#8211; Labor Darmstadt<\/p>\n","protected":false},"excerpt":{"rendered":"<p>Die wichtigsten IGEL-Anforderungen f\u00fcr Selbstzahler mit den dazugeh\u00f6rigen Preisen (nur Barzahlung m\u00f6glich): SARS-CoV-2-IgG (Antik\u00f6rpertest)(erst 21 Tage nach Symptomen\/Erkrankung testen, Sensitivit\u00e4t 93%, Spezifit\u00e4t 98,5%) 29,74 \u20ac Kreatinin 2,33 \u20ac Beta-HCG 14,57 \u20ac Blutbild gr. (rote u. wei\u00dfe Blutzellen) 4,67 \u20ac Blutgruppe 37,30 \u20ac Blutzucker 2,33 \u20ac BSG 2,33 \u20ac CRP 11,66 \u20ac DHEA-S 20,40 \u20ac Drogen&hellip;<\/p>\n","protected":false},"author":1,"featured_media":0,"parent":0,"menu_order":0,"comment_status":"closed","ping_status":"closed","template":"","meta":{"footnotes":""},"class_list":["post-95","page","type-page","status-publish","hentry"],"_links":{"self":[{"href":"https:\/\/www.labormedizin-darmstadt.de\/index.php\/wp-json\/wp\/v2\/pages\/95","targetHints":{"allow":["GET"]}}],"collection":[{"href":"https:\/\/www.labormedizin-darmstadt.de\/index.php\/wp-json\/wp\/v2\/pages"}],"about":[{"href":"https:\/\/www.labormedizin-darmstadt.de\/index.php\/wp-json\/wp\/v2\/types\/page"}],"author":[{"embeddable":true,"href":"https:\/\/www.labormedizin-darmstadt.de\/index.php\/wp-json\/wp\/v2\/users\/1"}],"replies":[{"embeddable":true,"href":"https:\/\/www.labormedizin-darmstadt.de\/index.php\/wp-json\/wp\/v2\/comments?post=95"}],"version-history":[{"count":18,"href":"https:\/\/www.labormedizin-darmstadt.de\/index.php\/wp-json\/wp\/v2\/pages\/95\/revisions"}],"predecessor-version":[{"id":765,"href":"https:\/\/www.labormedizin-darmstadt.de\/index.php\/wp-json\/wp\/v2\/pages\/95\/revisions\/765"}],"wp:attachment":[{"href":"https:\/\/www.labormedizin-darmstadt.de\/index.php\/wp-json\/wp\/v2\/media?parent=95"}],"curies":[{"name":"wp","href":"https:\/\/api.w.org\/{rel}","templated":true}]}}