
{"id":945,"date":"2025-09-11T13:22:05","date_gmt":"2025-09-11T11:22:05","guid":{"rendered":"https:\/\/www.labormedizin-darmstadt.de\/?page_id=945"},"modified":"2025-09-11T13:22:25","modified_gmt":"2025-09-11T11:22:25","slug":"stellenausschreibung-mfa","status":"publish","type":"page","link":"https:\/\/www.labormedizin-darmstadt.de\/index.php\/stellenausschreibung-mfa\/","title":{"rendered":"Stellenausschreibung: MFA"},"content":{"rendered":"\n<h2 class=\"wp-block-heading\">MFA Medizinische\/r Fachangestellte\/r<br><br> <\/h2>\n\n\n\n<p><strong>Vollzeit<\/strong><br><br><\/p>\n\n\n\n<p>Wir sind ein modernes, medizinisches Laboratorium im Herzen von Darmstadt. Wir f\u00fchren f\u00fcr unsere niedergelassenen \u00c4rzte medizinische Analyseverfahren in den Bereichen H\u00e4matologie, Klinische Chemie, Immunologie und Mikrobiologie durch. <br><br><br>Ab sofort suchen wir eine\/n <strong>MFA Medizinische\/n Fachangestellte\/n (d\/w\/m) in Vollzeit<\/strong> f\u00fcr die <strong>Auftragserfassung und Clearing-Abteilung<\/strong>.<br><\/p>\n\n\n\n<p>Zu Ihren Aufgaben geh\u00f6rt die Erfassung und Kontrolle der Laborauftr\u00e4ge in unserer Labor-EDV, die Betreuung des Order-Entry-Systems sowie die Kl\u00e4rung von R\u00fcckfragen durch Einsender und die Barbeitung von unklaren Auftr\u00e4gen.<\/p>\n\n\n\n<p>Geregelte Arbeitszeiten von Montags &#8211; Freitags von 8.00 Uhr &#8211; 17.00 Uhr.<br><br><\/p>\n\n\n\n<p>F\u00fchlen Sie sich angesprochen? Dann freuen wir uns auf Ihre Bewerbung!<\/p>\n\n\n\n<p>Bitte senden Sie uns Ihre Bewerbungsunterlagen als pdf an <a href=\"mailto:bewerbung@labormedizin-darmstadt.de\" target=\"_blank\" rel=\"noreferrer noopener\">bewerbung@labormedizin-darmstadt.de<\/a><br><br><br><\/p>\n\n\n\n<hr class=\"wp-block-separator has-alpha-channel-opacity\"\/>\n\n\n\n<p>\u00a9 2025 Dr. Stephan Wehrenfennig \u2013 Labor Darmstadt<\/p>\n","protected":false},"excerpt":{"rendered":"<p>MFA Medizinische\/r Fachangestellte\/r Vollzeit Wir sind ein modernes, medizinisches Laboratorium im Herzen von Darmstadt. Wir f\u00fchren f\u00fcr unsere niedergelassenen \u00c4rzte medizinische Analyseverfahren in den Bereichen H\u00e4matologie, Klinische Chemie, Immunologie und Mikrobiologie durch. Ab sofort suchen wir eine\/n MFA Medizinische\/n Fachangestellte\/n (d\/w\/m) in Vollzeit f\u00fcr die Auftragserfassung und Clearing-Abteilung. Zu Ihren Aufgaben geh\u00f6rt die Erfassung und&hellip;<\/p>\n","protected":false},"author":1,"featured_media":0,"parent":0,"menu_order":0,"comment_status":"closed","ping_status":"closed","template":"","meta":{"footnotes":""},"class_list":["post-945","page","type-page","status-publish","hentry"],"_links":{"self":[{"href":"https:\/\/www.labormedizin-darmstadt.de\/index.php\/wp-json\/wp\/v2\/pages\/945","targetHints":{"allow":["GET"]}}],"collection":[{"href":"https:\/\/www.labormedizin-darmstadt.de\/index.php\/wp-json\/wp\/v2\/pages"}],"about":[{"href":"https:\/\/www.labormedizin-darmstadt.de\/index.php\/wp-json\/wp\/v2\/types\/page"}],"author":[{"embeddable":true,"href":"https:\/\/www.labormedizin-darmstadt.de\/index.php\/wp-json\/wp\/v2\/users\/1"}],"replies":[{"embeddable":true,"href":"https:\/\/www.labormedizin-darmstadt.de\/index.php\/wp-json\/wp\/v2\/comments?post=945"}],"version-history":[{"count":2,"href":"https:\/\/www.labormedizin-darmstadt.de\/index.php\/wp-json\/wp\/v2\/pages\/945\/revisions"}],"predecessor-version":[{"id":950,"href":"https:\/\/www.labormedizin-darmstadt.de\/index.php\/wp-json\/wp\/v2\/pages\/945\/revisions\/950"}],"wp:attachment":[{"href":"https:\/\/www.labormedizin-darmstadt.de\/index.php\/wp-json\/wp\/v2\/media?parent=945"}],"curies":[{"name":"wp","href":"https:\/\/api.w.org\/{rel}","templated":true}]}}