
{"id":94,"date":"2023-05-22T15:34:23","date_gmt":"2023-05-22T13:34:23","guid":{"rendered":"http:\/\/152.10.132.158\/?page_id=94"},"modified":"2024-12-18T17:24:09","modified_gmt":"2024-12-18T16:24:09","slug":"untersuchungen-mit-speziellen-voraussetzungen","status":"publish","type":"page","link":"https:\/\/www.labormedizin-darmstadt.de\/index.php\/untersuchungen-mit-speziellen-voraussetzungen\/","title":{"rendered":"Untersuchungen mit speziellen Voraussetzungen"},"content":{"rendered":"\n<p>Eine <strong>N\u00fcchternblutentnahme<\/strong> (Nahrungskarenz 12 h) ist u. a. erforderlich f\u00fcr die Bestimmung&#8230;<br><br><\/p>\n\n\n\n<ul class=\"wp-block-list\">\n<li>des <strong>Blutzuckers<\/strong> (Glucose)<\/li>\n\n\n\n<li>der <strong>Glutamat-Pyruvat-Transaminase<\/strong> (GPT)<\/li>\n\n\n\n<li>des <strong>Bilirubins<\/strong><\/li>\n\n\n\n<li>des <strong>Calciums<\/strong><\/li>\n\n\n\n<li>des <strong>Cortisols<\/strong><\/li>\n\n\n\n<li>des <strong>Dopamins<\/strong><\/li>\n\n\n\n<li>des <strong>Eisens<\/strong><\/li>\n\n\n\n<li>der <strong>Harns\u00e4ure<\/strong><\/li>\n\n\n\n<li>des <strong>Insulins<\/strong><\/li>\n\n\n\n<li>des <strong>Kaliums<\/strong><\/li>\n\n\n\n<li>des <strong>Phospats<\/strong><\/li>\n\n\n\n<li>der <strong>Proteine<\/strong><\/li>\n\n\n\n<li>der <strong>Blutfette<\/strong> (Cholesterin, HDL-, LDL- und Triglyceride, ggfs. Lipidelektrophorese). Hier sollten Sie mindestens 12 Stunden vor der Blutentnahme nichts gegessen haben.<\/li>\n\n\n\n<li>eine <strong>N\u00fcchternblutentnahme<\/strong> verringert generell die St\u00f6reinfl\u00fcsse in der Labordiagnostik, daher kann sie auch f\u00fcr viele andere Bestimmungen von Vorteil sein.<\/li>\n<\/ul>\n\n\n\n<p>Eine bestimmte Tageszeit\/Uhrzeit muss eingehalten werden bei der Bestimmung &#8230;<\/p>\n\n\n\n<ul class=\"wp-block-list\">\n<li>des <strong>Cortisols<\/strong>. Es besteht eine ausgepr\u00e4gte Tagesrhythmik. Die Blutentnahme sollte in der Regel morgens in der Zeit von 8.00 bis 9.00 Uhr erfolgen.<\/li>\n\n\n\n<li>bei der Kontrolle von <strong>Medikamentenspiegeln<\/strong> im Blut ist es meistens so, dass die Blutentnahme vor der Einnahme des Medikaments erfolgen soll. Dies gilt auch f\u00fcr die <strong>Messung der Schilddr\u00fcsenwerte<\/strong> unter der Einnahme von Schilddr\u00fcsenhormonen.<\/li>\n<\/ul>\n\n\n\n<p>F\u00fcr eine Untersuchung auf Geschlechtskrankheiten im Urin, sollten Sie den Urin mindestens zwei Stunden vor Abgabe in der Blase behalten.<br><\/p>\n\n\n\n<p><strong>Bakterielle Untersuchungen<\/strong>, die noch am selben Tag bearbeitet werden sollen bzw. m\u00fcssen, m\u00fcssen bis sp\u00e4testens 16.00 Uhr im Labor abgegeben werden.<\/p>\n\n\n\n<hr class=\"wp-block-separator has-alpha-channel-opacity\"\/>\n\n\n\n<p class=\"has-text-color\" style=\"color:#6b6c6d\">\u00a9 2025 Dr. Stephan Wehrenfennig &#8211; Labor Darmstadt<\/p>\n","protected":false},"excerpt":{"rendered":"<p>Eine N\u00fcchternblutentnahme (Nahrungskarenz 12 h) ist u. a. erforderlich f\u00fcr die Bestimmung&#8230; Eine bestimmte Tageszeit\/Uhrzeit muss eingehalten werden bei der Bestimmung &#8230; F\u00fcr eine Untersuchung auf Geschlechtskrankheiten im Urin, sollten Sie den Urin mindestens zwei Stunden vor Abgabe in der Blase behalten. Bakterielle Untersuchungen, die noch am selben Tag bearbeitet werden sollen bzw. m\u00fcssen, m\u00fcssen&hellip;<\/p>\n","protected":false},"author":1,"featured_media":0,"parent":0,"menu_order":0,"comment_status":"closed","ping_status":"closed","template":"","meta":{"footnotes":""},"class_list":["post-94","page","type-page","status-publish","hentry"],"_links":{"self":[{"href":"https:\/\/www.labormedizin-darmstadt.de\/index.php\/wp-json\/wp\/v2\/pages\/94","targetHints":{"allow":["GET"]}}],"collection":[{"href":"https:\/\/www.labormedizin-darmstadt.de\/index.php\/wp-json\/wp\/v2\/pages"}],"about":[{"href":"https:\/\/www.labormedizin-darmstadt.de\/index.php\/wp-json\/wp\/v2\/types\/page"}],"author":[{"embeddable":true,"href":"https:\/\/www.labormedizin-darmstadt.de\/index.php\/wp-json\/wp\/v2\/users\/1"}],"replies":[{"embeddable":true,"href":"https:\/\/www.labormedizin-darmstadt.de\/index.php\/wp-json\/wp\/v2\/comments?post=94"}],"version-history":[{"count":7,"href":"https:\/\/www.labormedizin-darmstadt.de\/index.php\/wp-json\/wp\/v2\/pages\/94\/revisions"}],"predecessor-version":[{"id":764,"href":"https:\/\/www.labormedizin-darmstadt.de\/index.php\/wp-json\/wp\/v2\/pages\/94\/revisions\/764"}],"wp:attachment":[{"href":"https:\/\/www.labormedizin-darmstadt.de\/index.php\/wp-json\/wp\/v2\/media?parent=94"}],"curies":[{"name":"wp","href":"https:\/\/api.w.org\/{rel}","templated":true}]}}