
{"id":93,"date":"2023-05-22T15:34:23","date_gmt":"2023-05-22T13:34:23","guid":{"rendered":"http:\/\/152.10.132.158\/?page_id=93"},"modified":"2025-03-12T15:02:39","modified_gmt":"2025-03-12T14:02:39","slug":"allgemeine-hinweise","status":"publish","type":"page","link":"https:\/\/www.labormedizin-darmstadt.de\/index.php\/allgemeine-hinweise\/","title":{"rendered":"Allgemeine Hinweise"},"content":{"rendered":"\n<p>F\u00fcr Patient\/innen als Selbstzahlende oder f\u00fcr privat Versicherte k\u00f6nnen wir leider nur einen kleinen Service anbieten. Unsere Hauptaufgabe ist die Analyse von Proben aus Arztpraxen und Kliniken.<\/p>\n\n\n\n<p>Wir bieten<\/p>\n\n\n\n<ul class=\"wp-block-list\">\n<li>keine Beratung zu Tests oder Erkrankungen an (bitte gehen Sie zu Ihrem behandelnden Arzt),<\/li>\n<\/ul>\n\n\n\n<ul class=\"wp-block-list\">\n<li>keine orthomolekularen, naturheilkundlichen, paramedizinischen Labortests (z.B. Aminos\u00e4urendifferenzierung, Stuhlfloradiagnostik, etc.),<\/li>\n<\/ul>\n\n\n\n<ul class=\"wp-block-list\">\n<li>keine Vaterschaftsgutachten oder Herkunftsgutachten (Heritage),<\/li>\n<\/ul>\n\n\n\n<ul class=\"wp-block-list\">\n<li>keine toxikologischen, umweltmedizinischen Tests,<\/li>\n<\/ul>\n\n\n\n<ul class=\"wp-block-list\">\n<li>keine allgemeinen Screening-Tests auf Herz-Kreislauf- oder Tumorerkrankungen,<\/li>\n<\/ul>\n\n\n\n<ul class=\"wp-block-list\">\n<li>keine Abstrichentnahme, keine kulturellen-bakteriologischen Tests als Selbstzahlerleistung. <\/li>\n<\/ul>\n\n\n\n<p>Was Sie von uns erwarten k\u00f6nnen:<\/p>\n\n\n\n<ul class=\"wp-block-list\">\n<li> schnelle Resultate per online, z.B.&nbsp;<\/li>\n<\/ul>\n\n\n\n<ul class=\"wp-block-list\">\n<li>Blutbild vor Chemotherapie<\/li>\n<\/ul>\n\n\n\n<ul class=\"wp-block-list\">\n<li> PSA-Test<\/li>\n<\/ul>\n\n\n\n<ul class=\"wp-block-list\">\n<li> HIV-Test<\/li>\n<\/ul>\n\n\n\n<ul class=\"wp-block-list\">\n<li>Drogentests (auch f\u00fcr gerichtliche Vorlage unter \u00e4rztlicher Aufsicht, nicht aber f\u00fcr MPU).<br><br>Weitere m\u00f6gliche Laboruntersuchungen: <a href=\"http:\/\/www.labormedizin-darmstadt.de\/index.php\/igel-leistungen-2\/\" data-type=\"link\" data-id=\"http:\/\/www.labormedizin-darmstadt.de\/index.php\/igel-leistungen-2\/\">IGEL-Leistungen<\/a>.<br><br>Die <strong>Abgabe von Proben<\/strong> (Blut, Urin, Stuhl, Abstriche etc.) ist von Montag bis Freitag von 8.00 bis 16.00 Uhr m\u00f6glich. Wenn Sie eine Untersuchung auf Geschlechtskrankheiten (Gonokokken oder Chlamydien) durchf\u00fchren lassen m\u00f6chten, sollte sich der Urin mindestens zwei Stunden vor Ihrer Urinabgabe in der Blase befinden.<br><br>Zur <strong>Blutentnahme<\/strong> und\/oder Urinabgabe unter Aufsicht (Drogentest) ist eine Terminvereinbarung erforderlich. Nutzen Sie hierzu bitte unser Terminvergabeportal: <a href=\"http:\/\/termine.labormedizin-darmstadt.de\" target=\"_blank\" rel=\"noreferrer noopener\">termine.labormedizin-darmstadt.de<\/a>.<br><br><strong>Telefonisch werden keine Termine f\u00fcr die Blutentnahme vereinbart!<\/strong> Ausnahmen sind Laktose-, Fruktose- und OGTT-Belastungstests.<br><br><\/li>\n<\/ul>\n\n\n\n<div class=\"wp-block-buttons is-content-justification-center is-layout-flex wp-container-core-buttons-is-layout-16018d1d wp-block-buttons-is-layout-flex\">\n<div class=\"wp-block-button is-style-fill\"><a class=\"wp-block-button__link has-white-color has-text-color has-background has-text-align-center wp-element-button\" href=\"https:\/\/termine.labormedizin-darmstadt.de\/\" style=\"background-color:#589abe\">Termine f\u00fcr die Blutentnahme \/ Urinabgabe<\/a><\/div>\n<\/div>\n\n\n\n<p><strong><br><\/strong><br><br><br><a href=\"http:\/\/www.labormedizin-darmstadt.de\/index.php\/untersuchungen-mit-speziellen-voraussetzungen\/\" data-type=\"link\" data-id=\"http:\/\/www.labormedizin-darmstadt.de\/index.php\/untersuchungen-mit-speziellen-voraussetzungen\/\">Untersuchungen mit speziellen Voraussetzungen<\/a>: N\u00fcchternblutentnahme, Blutentnahme zu bestimmten Tageszeiten usw.<\/p>\n\n\n\n<p><\/p>\n\n\n\n<hr class=\"wp-block-separator has-alpha-channel-opacity\"\/>\n\n\n\n<p class=\"has-text-color\" style=\"color:#6d6d6d\">\u00a9 2025 Dr. Stephan Wehrenfennig &#8211; Labor Darmstadt<\/p>\n","protected":false},"excerpt":{"rendered":"<p>F\u00fcr Patient\/innen als Selbstzahlende oder f\u00fcr privat Versicherte k\u00f6nnen wir leider nur einen kleinen Service anbieten. Unsere Hauptaufgabe ist die Analyse von Proben aus Arztpraxen und Kliniken. Wir bieten Was Sie von uns erwarten k\u00f6nnen: Untersuchungen mit speziellen Voraussetzungen: N\u00fcchternblutentnahme, Blutentnahme zu bestimmten Tageszeiten usw. \u00a9 2025 Dr. Stephan Wehrenfennig &#8211; Labor Darmstadt<\/p>\n","protected":false},"author":1,"featured_media":0,"parent":0,"menu_order":0,"comment_status":"closed","ping_status":"closed","template":"","meta":{"footnotes":""},"class_list":["post-93","page","type-page","status-publish","hentry"],"_links":{"self":[{"href":"https:\/\/www.labormedizin-darmstadt.de\/index.php\/wp-json\/wp\/v2\/pages\/93","targetHints":{"allow":["GET"]}}],"collection":[{"href":"https:\/\/www.labormedizin-darmstadt.de\/index.php\/wp-json\/wp\/v2\/pages"}],"about":[{"href":"https:\/\/www.labormedizin-darmstadt.de\/index.php\/wp-json\/wp\/v2\/types\/page"}],"author":[{"embeddable":true,"href":"https:\/\/www.labormedizin-darmstadt.de\/index.php\/wp-json\/wp\/v2\/users\/1"}],"replies":[{"embeddable":true,"href":"https:\/\/www.labormedizin-darmstadt.de\/index.php\/wp-json\/wp\/v2\/comments?post=93"}],"version-history":[{"count":31,"href":"https:\/\/www.labormedizin-darmstadt.de\/index.php\/wp-json\/wp\/v2\/pages\/93\/revisions"}],"predecessor-version":[{"id":857,"href":"https:\/\/www.labormedizin-darmstadt.de\/index.php\/wp-json\/wp\/v2\/pages\/93\/revisions\/857"}],"wp:attachment":[{"href":"https:\/\/www.labormedizin-darmstadt.de\/index.php\/wp-json\/wp\/v2\/media?parent=93"}],"curies":[{"name":"wp","href":"https:\/\/api.w.org\/{rel}","templated":true}]}}