
{"id":92,"date":"2023-05-22T15:34:23","date_gmt":"2023-05-22T13:34:23","guid":{"rendered":"http:\/\/152.10.132.158\/?page_id=92"},"modified":"2025-09-11T12:57:12","modified_gmt":"2025-09-11T10:57:12","slug":"informationen-fuer-patienten","status":"publish","type":"page","link":"https:\/\/www.labormedizin-darmstadt.de\/index.php\/informationen-fuer-patienten\/","title":{"rendered":"Informationen f\u00fcr Patienten"},"content":{"rendered":"\n<p>Sehr geehrte Patientinnen und Patienten,<br><br>prim\u00e4r sind wir f\u00fcr Ihre \u00c4rztin\/Arzt oder Klinik t\u00e4tig und analysieren Laborproben. F\u00fcr Selbstzahlende bieten wir einen kleinen Service an.<\/p>\n\n\n\n<p>Wir k\u00f6nnen und d\u00fcrfen Sie dazu nicht beraten oder behandeln. <\/p>\n\n\n\n<p>M\u00f6glich ist z. B. die Bestimmung eines Blutbildes (rote und wei\u00dfe Blutk\u00f6rper) vor Chemotherapie, die Bestimmung von TSH und Kreatinin vor CT\/MRT, Bestimmung vom PSA-Wert, HIV-Test und Drogentests im Urin.<\/p>\n\n\n\n<p>Weitere einfache Tests: <a href=\"http:\/\/www.labormedizin-darmstadt.de\/index.php\/igel-leistungen-2\/\">IGEL-Leistungen<\/a><br><br><strong><mark style=\"background-color:rgba(0, 0, 0, 0)\" class=\"has-inline-color has-vivid-red-color\">Telefonisch k\u00f6nnen wir keine Termine vergeben.<\/mark><\/strong><br><br><strong>Zur Blutentnahme nutzen Sie bitte unser online Terminvergabeportal <a href=\"https:\/\/termine.labormedizin-darmstadt.de\" data-type=\"link\" data-id=\"https:\/\/termine.labormedizin-darmstadt.de\" target=\"_blank\" rel=\"noreferrer noopener\">termine.labormedizin-darmstadt.de<\/a>.<\/strong><\/p>\n\n\n\n<p><strong>Nur<\/strong> Termine f\u00fcr \u00e4rztlich angeordnete Fruktose-, Laktose- oder OGTT-Belastungstests k\u00f6nnen telefonisch vereinbart werden, da hier spezielle Vorbereitungen zu beachten sind.<br><br>Viele Werte, wie Blutzucker oder die Blutfette, m\u00fcssen n\u00fcchtern gemessen werden. Daher sollten Sie n\u00fcchtern sein, das hei\u00dft 12 Stunden zuvor nichts gegessen haben. Wasser d\u00fcrfen Sie trinken. Beachten Sie <a href=\"https:\/\/www.labormedizin-darmstadt.de\/index.php\/untersuchungen-mit-speziellen-voraussetzungen\/\" data-type=\"page\" data-id=\"94\">Untersuchungen mit speziellen Voraussetzungen<\/a>.<br><br>Bitte beachten Sie au\u00dferdem, dass aktuell ausschlie\u00dflich <strong>Barzahlung<\/strong> m\u00f6glich ist.<br>Parken k\u00f6nnen Sie direkt gegen\u00fcber des Labors auf \u00fcber 80 \u00f6ffentlichen Parkpl\u00e4tzen, Anfahrt \u00fcber die Rheinstr. 51. Weitere \u00f6ffentliche Parkpl\u00e4tze finden sie in der Landgraf-Philipps-Anlage.<br><br>Vielen Dank und freundliche Gr\u00fc\u00dfe,<br><\/p>\n\n\n\n<p>Ihre Labormedizin Darmstadt<\/p>\n\n\n\n<hr class=\"wp-block-separator has-alpha-channel-opacity\"\/>\n\n\n\n<p class=\"has-text-color\" style=\"color:#6e6e6e\">\u00a9 2025 Dr. Stephan Wehrenfennig &#8211; Labor Darmstadt<\/p>\n","protected":false},"excerpt":{"rendered":"<p>Sehr geehrte Patientinnen und Patienten, prim\u00e4r sind wir f\u00fcr Ihre \u00c4rztin\/Arzt oder Klinik t\u00e4tig und analysieren Laborproben. F\u00fcr Selbstzahlende bieten wir einen kleinen Service an. Wir k\u00f6nnen und d\u00fcrfen Sie dazu nicht beraten oder behandeln. M\u00f6glich ist z. B. die Bestimmung eines Blutbildes (rote und wei\u00dfe Blutk\u00f6rper) vor Chemotherapie, die Bestimmung von TSH und Kreatinin&hellip;<\/p>\n","protected":false},"author":1,"featured_media":0,"parent":0,"menu_order":0,"comment_status":"closed","ping_status":"closed","template":"","meta":{"footnotes":""},"class_list":["post-92","page","type-page","status-publish","hentry"],"_links":{"self":[{"href":"https:\/\/www.labormedizin-darmstadt.de\/index.php\/wp-json\/wp\/v2\/pages\/92","targetHints":{"allow":["GET"]}}],"collection":[{"href":"https:\/\/www.labormedizin-darmstadt.de\/index.php\/wp-json\/wp\/v2\/pages"}],"about":[{"href":"https:\/\/www.labormedizin-darmstadt.de\/index.php\/wp-json\/wp\/v2\/types\/page"}],"author":[{"embeddable":true,"href":"https:\/\/www.labormedizin-darmstadt.de\/index.php\/wp-json\/wp\/v2\/users\/1"}],"replies":[{"embeddable":true,"href":"https:\/\/www.labormedizin-darmstadt.de\/index.php\/wp-json\/wp\/v2\/comments?post=92"}],"version-history":[{"count":27,"href":"https:\/\/www.labormedizin-darmstadt.de\/index.php\/wp-json\/wp\/v2\/pages\/92\/revisions"}],"predecessor-version":[{"id":855,"href":"https:\/\/www.labormedizin-darmstadt.de\/index.php\/wp-json\/wp\/v2\/pages\/92\/revisions\/855"}],"wp:attachment":[{"href":"https:\/\/www.labormedizin-darmstadt.de\/index.php\/wp-json\/wp\/v2\/media?parent=92"}],"curies":[{"name":"wp","href":"https:\/\/api.w.org\/{rel}","templated":true}]}}