
{"id":89,"date":"2023-05-22T15:34:23","date_gmt":"2023-05-22T13:34:23","guid":{"rendered":"http:\/\/152.10.132.158\/?page_id=89"},"modified":"2024-12-18T17:22:25","modified_gmt":"2024-12-18T16:22:25","slug":"igel-leistungen","status":"publish","type":"page","link":"https:\/\/www.labormedizin-darmstadt.de\/index.php\/igel-leistungen\/","title":{"rendered":"IGEL-Leistungen"},"content":{"rendered":"\n<p>Zur Anforderung von Laboruntersuchungen, die Kassenpatienten bei bzw. trotz vertrags\u00e4rztlich nicht gegebener Indikation durchf\u00fchren lassen und selbst bezahlen wollen, haben wir ein eigenes Formular f\u00fcr IGEL-Leistungen entwickelt.<\/p>\n\n\n\n<p>Da es st\u00e4ndig optimiert wird, wollen wir es hier nicht abdrucken. Auf Anforderung schicken wir Arztpraxen die aktuelle Version gerne zu.<\/p>\n\n\n\n<hr class=\"wp-block-separator has-alpha-channel-opacity is-style-default\"\/>\n\n\n\n<p class=\"has-text-color\" style=\"color:#636363\">\u00a9 2025 Dr. Stephan Wehrenfennig &#8211; Labor Darmstadt<\/p>\n","protected":false},"excerpt":{"rendered":"<p>Zur Anforderung von Laboruntersuchungen, die Kassenpatienten bei bzw. trotz vertrags\u00e4rztlich nicht gegebener Indikation durchf\u00fchren lassen und selbst bezahlen wollen, haben wir ein eigenes Formular f\u00fcr IGEL-Leistungen entwickelt. Da es st\u00e4ndig optimiert wird, wollen wir es hier nicht abdrucken. Auf Anforderung schicken wir Arztpraxen die aktuelle Version gerne zu. \u00a9 2025 Dr. Stephan Wehrenfennig &#8211; Labor&hellip;<\/p>\n","protected":false},"author":1,"featured_media":0,"parent":0,"menu_order":0,"comment_status":"closed","ping_status":"closed","template":"","meta":{"footnotes":""},"class_list":["post-89","page","type-page","status-publish","hentry"],"_links":{"self":[{"href":"https:\/\/www.labormedizin-darmstadt.de\/index.php\/wp-json\/wp\/v2\/pages\/89","targetHints":{"allow":["GET"]}}],"collection":[{"href":"https:\/\/www.labormedizin-darmstadt.de\/index.php\/wp-json\/wp\/v2\/pages"}],"about":[{"href":"https:\/\/www.labormedizin-darmstadt.de\/index.php\/wp-json\/wp\/v2\/types\/page"}],"author":[{"embeddable":true,"href":"https:\/\/www.labormedizin-darmstadt.de\/index.php\/wp-json\/wp\/v2\/users\/1"}],"replies":[{"embeddable":true,"href":"https:\/\/www.labormedizin-darmstadt.de\/index.php\/wp-json\/wp\/v2\/comments?post=89"}],"version-history":[{"count":6,"href":"https:\/\/www.labormedizin-darmstadt.de\/index.php\/wp-json\/wp\/v2\/pages\/89\/revisions"}],"predecessor-version":[{"id":756,"href":"https:\/\/www.labormedizin-darmstadt.de\/index.php\/wp-json\/wp\/v2\/pages\/89\/revisions\/756"}],"wp:attachment":[{"href":"https:\/\/www.labormedizin-darmstadt.de\/index.php\/wp-json\/wp\/v2\/media?parent=89"}],"curies":[{"name":"wp","href":"https:\/\/api.w.org\/{rel}","templated":true}]}}