
{"id":88,"date":"2023-05-22T15:34:23","date_gmt":"2023-05-22T13:34:23","guid":{"rendered":"http:\/\/152.10.132.158\/?page_id=88"},"modified":"2025-03-10T13:20:35","modified_gmt":"2025-03-10T12:20:35","slug":"mikrobiologische-untersuchungen","status":"publish","type":"page","link":"https:\/\/www.labormedizin-darmstadt.de\/index.php\/mikrobiologische-untersuchungen\/","title":{"rendered":"Mikrobiologische Untersuchungen"},"content":{"rendered":"\n<p>Die Anforderung &#8222;pathogene Keime&#8220; umfasst nur die Suche nach Erregern, die sich mit der sogenannten Standardkultur erfassen lassen; bei Stuhlproben auch die Suche nach Salmonellen und Shigellen.<br><br><br>Soll nach Keimen gesucht werden, die (nur) durch Spezialkulturen bzw. \u2013verfahren zu erfassen sind, m\u00fcssen diese auf dem \u00dcberweisungsschein aufgef\u00fchrt sein.<br><\/p>\n\n\n\n<figure class=\"wp-block-table\"><table><tbody><tr><td><strong>Abstriche<\/strong><br>Tbc-verd\u00e4chtiges Abstrichmaterial <strong>nicht<\/strong> im \u00fcblichen Abstrichmedium einsenden<\/td><td>Pathogene Keime (aerob, anaerob), Resistenzbestimmg, Gonorrhoe, Pilze, Mykoplasmen, Chlamydien, Tuberkulose (mikroskopisch, kulturell)<\/td><\/tr><tr><td><strong>Blutkulturen<\/strong><\/td><td>Pathogene Keime (aerob, anaerob), Resistenzbestimmung<\/td><\/tr><tr><td><strong>Gonokokken<\/strong><\/td><td>Urethral-\/Cervixabstrich im Transportmedium<\/td><\/tr><tr><td><strong>Nasen- \/ Rachenabstrich<\/strong><\/td><td>Pathogene Keime aerob<\/td><\/tr><tr><td><strong>Punktate und Sekrete<\/strong><\/td><td>Pathogene Keime (aerob, anaerob), Resistenzbestimmung, Pilze, Tuberkulose (mikroskopisch, kulturell)<\/td><\/tr><tr><td><strong>Sputum bzw. Bronchial-, Trachealsekret<\/strong><\/td><td>Pathogene Keime, Pilze, Resistenzbestimmung, Tuberkulose (mikroskopisch, kulturell)<\/td><\/tr><tr><td><strong>Stuhl<\/strong><\/td><td>Salmonellen, Shigellen, Campylobacter, Yersinien, Pilze, Am\u00f6ben, Giardia lamblia, Clostridien, Adenoviren, Rotaviren, EHEC, EPEC, W\u00fcrmer, Wurmeier<\/td><\/tr><tr><td><strong>Urin<\/strong> (Morgenurin einsenden)<\/td><td>Pathogene Keime, Keimzahl, Resistenzbestimmung, Pilze, Chlamydien, Mykoplasmen, Tuberkulose (kulturell, mikroskopisch), Trichomonaden (k\u00f6rperwarmer Urin)<\/td><\/tr><\/tbody><\/table><\/figure>\n\n\n\n<hr class=\"wp-block-separator has-alpha-channel-opacity\"\/>\n\n\n\n<p class=\"has-text-color\" style=\"color:#6f6f6f\">\u00a9 2025 Dr. Stephan Wehrenfennig &#8211; Labor Darmstadt<\/p>\n","protected":false},"excerpt":{"rendered":"<p>Die Anforderung &#8222;pathogene Keime&#8220; umfasst nur die Suche nach Erregern, die sich mit der sogenannten Standardkultur erfassen lassen; bei Stuhlproben auch die Suche nach Salmonellen und Shigellen. Soll nach Keimen gesucht werden, die (nur) durch Spezialkulturen bzw. \u2013verfahren zu erfassen sind, m\u00fcssen diese auf dem \u00dcberweisungsschein aufgef\u00fchrt sein. AbstricheTbc-verd\u00e4chtiges Abstrichmaterial nicht im \u00fcblichen Abstrichmedium einsenden&hellip;<\/p>\n","protected":false},"author":1,"featured_media":0,"parent":0,"menu_order":0,"comment_status":"closed","ping_status":"closed","template":"","meta":{"footnotes":""},"class_list":["post-88","page","type-page","status-publish","hentry"],"_links":{"self":[{"href":"https:\/\/www.labormedizin-darmstadt.de\/index.php\/wp-json\/wp\/v2\/pages\/88","targetHints":{"allow":["GET"]}}],"collection":[{"href":"https:\/\/www.labormedizin-darmstadt.de\/index.php\/wp-json\/wp\/v2\/pages"}],"about":[{"href":"https:\/\/www.labormedizin-darmstadt.de\/index.php\/wp-json\/wp\/v2\/types\/page"}],"author":[{"embeddable":true,"href":"https:\/\/www.labormedizin-darmstadt.de\/index.php\/wp-json\/wp\/v2\/users\/1"}],"replies":[{"embeddable":true,"href":"https:\/\/www.labormedizin-darmstadt.de\/index.php\/wp-json\/wp\/v2\/comments?post=88"}],"version-history":[{"count":11,"href":"https:\/\/www.labormedizin-darmstadt.de\/index.php\/wp-json\/wp\/v2\/pages\/88\/revisions"}],"predecessor-version":[{"id":822,"href":"https:\/\/www.labormedizin-darmstadt.de\/index.php\/wp-json\/wp\/v2\/pages\/88\/revisions\/822"}],"wp:attachment":[{"href":"https:\/\/www.labormedizin-darmstadt.de\/index.php\/wp-json\/wp\/v2\/media?parent=88"}],"curies":[{"name":"wp","href":"https:\/\/api.w.org\/{rel}","templated":true}]}}