
{"id":877,"date":"2025-05-20T12:09:39","date_gmt":"2025-05-20T10:09:39","guid":{"rendered":"https:\/\/www.labormedizin-darmstadt.de\/?page_id=877"},"modified":"2026-04-08T10:27:04","modified_gmt":"2026-04-08T08:27:04","slug":"stabilitaet-der-primaerproben","status":"publish","type":"page","link":"https:\/\/www.labormedizin-darmstadt.de\/index.php\/stabilitaet-der-primaerproben\/","title":{"rendered":"Stabilit\u00e4t der Prim\u00e4rproben"},"content":{"rendered":"\n<p>Um eine zuverl\u00e4ssige Analytik zu gew\u00e4hrleisten, ist es entscheidend, die maximalen Lagerungszeitr\u00e4ume der unzentrifugierten Prim\u00e4rproben nicht zu \u00fcberschreiten. L\u00e4ngere Lagerungszeiten k\u00f6nnen die Genauigkeit der Analyseergebnisse beeintr\u00e4chtigen. Wir bitten Sie daher, die unzentrifugierten Proben nicht l\u00e4nger als die in der folgenden Liste angegebenen Zeitr\u00e4ume in der Praxis aufzubewahren:<\/p>\n\n\n\n<p><br><\/p>\n\n\n\n<div class=\"wp-block-file\"><a id=\"wp-block-file--media-b93e2e75-f1af-4c4e-b2d0-8628a8a0147b\" href=\"https:\/\/www.labormedizin-darmstadt.de\/wp-content\/uploads\/2026\/04\/18_Stabilitaetsliste-Primaerproben.pdf\">18_Stabilit\u00e4tsliste Prim\u00e4rproben<\/a><a href=\"https:\/\/www.labormedizin-darmstadt.de\/wp-content\/uploads\/2026\/04\/18_Stabilitaetsliste-Primaerproben.pdf\" class=\"wp-block-file__button wp-element-button\" download aria-describedby=\"wp-block-file--media-b93e2e75-f1af-4c4e-b2d0-8628a8a0147b\">Herunterladen<\/a><\/div>\n\n\n\n<figure class=\"wp-block-image size-full\"><img loading=\"lazy\" decoding=\"async\" width=\"1190\" height=\"1683\" src=\"https:\/\/www.labormedizin-darmstadt.de\/wp-content\/uploads\/2026\/04\/Stabilitaetsliste-Primaerproben.jpg\" alt=\"\" class=\"wp-image-962\" style=\"object-fit:cover\" srcset=\"https:\/\/www.labormedizin-darmstadt.de\/wp-content\/uploads\/2026\/04\/Stabilitaetsliste-Primaerproben.jpg 1190w, https:\/\/www.labormedizin-darmstadt.de\/wp-content\/uploads\/2026\/04\/Stabilitaetsliste-Primaerproben-212x300.jpg 212w, https:\/\/www.labormedizin-darmstadt.de\/wp-content\/uploads\/2026\/04\/Stabilitaetsliste-Primaerproben-724x1024.jpg 724w, https:\/\/www.labormedizin-darmstadt.de\/wp-content\/uploads\/2026\/04\/Stabilitaetsliste-Primaerproben-768x1086.jpg 768w, https:\/\/www.labormedizin-darmstadt.de\/wp-content\/uploads\/2026\/04\/Stabilitaetsliste-Primaerproben-1086x1536.jpg 1086w\" sizes=\"auto, (max-width: 1190px) 100vw, 1190px\" \/><\/figure>\n","protected":false},"excerpt":{"rendered":"<p>Um eine zuverl\u00e4ssige Analytik zu gew\u00e4hrleisten, ist es entscheidend, die maximalen Lagerungszeitr\u00e4ume der unzentrifugierten Prim\u00e4rproben nicht zu \u00fcberschreiten. L\u00e4ngere Lagerungszeiten k\u00f6nnen die Genauigkeit der Analyseergebnisse beeintr\u00e4chtigen. Wir bitten Sie daher, die unzentrifugierten Proben nicht l\u00e4nger als die in der folgenden Liste angegebenen Zeitr\u00e4ume in der Praxis aufzubewahren:<\/p>\n","protected":false},"author":1,"featured_media":0,"parent":0,"menu_order":0,"comment_status":"closed","ping_status":"closed","template":"","meta":{"footnotes":""},"class_list":["post-877","page","type-page","status-publish","hentry"],"_links":{"self":[{"href":"https:\/\/www.labormedizin-darmstadt.de\/index.php\/wp-json\/wp\/v2\/pages\/877","targetHints":{"allow":["GET"]}}],"collection":[{"href":"https:\/\/www.labormedizin-darmstadt.de\/index.php\/wp-json\/wp\/v2\/pages"}],"about":[{"href":"https:\/\/www.labormedizin-darmstadt.de\/index.php\/wp-json\/wp\/v2\/types\/page"}],"author":[{"embeddable":true,"href":"https:\/\/www.labormedizin-darmstadt.de\/index.php\/wp-json\/wp\/v2\/users\/1"}],"replies":[{"embeddable":true,"href":"https:\/\/www.labormedizin-darmstadt.de\/index.php\/wp-json\/wp\/v2\/comments?post=877"}],"version-history":[{"count":6,"href":"https:\/\/www.labormedizin-darmstadt.de\/index.php\/wp-json\/wp\/v2\/pages\/877\/revisions"}],"predecessor-version":[{"id":963,"href":"https:\/\/www.labormedizin-darmstadt.de\/index.php\/wp-json\/wp\/v2\/pages\/877\/revisions\/963"}],"wp:attachment":[{"href":"https:\/\/www.labormedizin-darmstadt.de\/index.php\/wp-json\/wp\/v2\/media?parent=877"}],"curies":[{"name":"wp","href":"https:\/\/api.w.org\/{rel}","templated":true}]}}