
{"id":806,"date":"2025-03-10T09:19:16","date_gmt":"2025-03-10T08:19:16","guid":{"rendered":"https:\/\/www.labormedizin-darmstadt.de\/?page_id=806"},"modified":"2025-03-10T13:07:51","modified_gmt":"2025-03-10T12:07:51","slug":"impressum","status":"publish","type":"page","link":"https:\/\/www.labormedizin-darmstadt.de\/index.php\/impressum\/","title":{"rendered":"Impressum"},"content":{"rendered":"\n<p>Hinweis: S\u00e4mtliche Beitr\u00e4ge, soweit nicht anders gekennzeichnet, unterliegen den engen Bestimmungen des Urheberrechts.<\/p>\n\n\n\n<h2 class=\"wp-block-heading\">Herausgeber<\/h2>\n\n\n\n<p><strong>Laborarztpraxis<br>Dr. med. S. Wehrenfennig<\/strong><br>Rheinstra\u00dfe 44-46<br>64283 Darmstadt<\/p>\n\n\n\n<figure class=\"wp-block-table\"><table class=\"has-fixed-layout\"><tbody><tr><td>Tel.<\/td><td>06151-27150<\/td><\/tr><tr><td>Fax<\/td><td>06151-271588<\/td><\/tr><tr><td>E-Mail<\/td><td>info@labormedizin-darmstadt.de<\/td><\/tr><\/tbody><\/table><\/figure>\n\n\n\n<p><br>Dr. med. S. Wehrenfennig hat sein Medizinstudium und seine Facharztausbildung in Deutschland absolviert und seine Approbation als Arzt ist in Deutschland erteilt worden. Er ist Mitglied der Landes\u00e4rztekammer Hessen. Die aktuelle Berufsordnung ist unter\u00a0<a href=\"http:\/\/www.laekh.de\/\">www.laekh.de<\/a>\u00a0einsehbar.<br><\/p>\n\n\n\n<h2 class=\"wp-block-heading\">Nutzungsbedingungen<\/h2>\n\n\n\n<p><strong>1. Inhalt des Onlineangebotes<\/strong><\/p>\n\n\n\n<p>Der Autor \u00fcbernimmt keinerlei Gew\u00e4hr f\u00fcr die Aktualit\u00e4t, Korrektheit, Vollst\u00e4ndigkeit oder Qualit\u00e4t der bereitgestellten Informationen. Haftungsanspr\u00fcche gegen den Autor, welche sich auf Sch\u00e4den materieller oder ideeller Art beziehen, die durch die Nutzung oder Nichtnutzung der dargebotenen Informationen bzw. durch die Nutzung fehlerhafter und unvollst\u00e4ndiger Informationen verursacht wurden sind grunds\u00e4tzlich ausgeschlossen, sofern seitens des Autors kein nachweislich vors\u00e4tzliches oder grob fahrl\u00e4ssiges Verschulden vorliegt. Alle Angebote sind freibleibend und unverbindlich. Der Autor beh\u00e4lt es sich ausdr\u00fccklich vor, Teile der Seiten oder das gesamte Angebot ohne gesonderte Ank\u00fcndigung zu ver\u00e4ndern, zu erg\u00e4nzen, zu l\u00f6schen oder die Ver\u00f6ffentlichung zeitweise oder endg\u00fcltig einzustellen.<\/p>\n\n\n\n<p><strong>2. Verweise und Links<\/strong><\/p>\n\n\n\n<p>Bei direkten oder indirekten Verweisen auf fremde Internetseiten (&#8222;Links&#8220;), die au\u00dferhalb des Verantwortungsbereiches des Autors liegen, w\u00fcrde eine Haftungsverpflichtung ausschlie\u00dflich in dem Fall in Kraft treten, in dem der Autor von den Inhalten Kenntnis hat und es ihm technisch m\u00f6glich und zumutbar w\u00e4re, die Nutzung im Falle rechtswidriger Inhalte zu verhindern. Der Autor erkl\u00e4rt daher ausdr\u00fccklich, dass zum Zeitpunkt der Linksetzung die entsprechenden verlinkten Seiten frei von illegalen Inhalten waren. Der Autor hat keinerlei Einfluss auf die aktuelle und zuk\u00fcnftige Gestaltung und auf die Inhalte der gelinkten\/verkn\u00fcpften Seiten. Deshalb distanziert er sich hiermit ausdr\u00fccklich von allen Inhalten aller gelinkten \/verkn\u00fcpften Seiten, die nach der Linksetzung ver\u00e4ndert wurden. Diese Feststellung gilt f\u00fcr alle innerhalb des eigenen Internetangebotes gesetzten Links und Verweise sowie f\u00fcr Fremdeintr\u00e4ge in vom Autor eingerichteten G\u00e4steb\u00fcchern, Diskussionsforen und Mailinglisten. F\u00fcr illegale, fehlerhafte oder unvollst\u00e4ndige Inhalte und insbesondere f\u00fcr Sch\u00e4den, die aus der Nutzung oder Nichtnutzung solcherart dargebotener Informationen entstehen, haftet allein der Anbieter der Seite, auf welche verwiesen wurde, nicht derjenige, der \u00fcber Links auf die jeweilige Ver\u00f6ffentlichung lediglich verweist.<\/p>\n\n\n\n<p><strong>3. Urheber- und Kennzeichenrecht<\/strong><\/p>\n\n\n\n<p>Der Autor ist bestrebt, in allen Publikationen die Urheberrechte der verwendeten Grafiken, Tondokumente, Videosequenzen und Texte zu beachten, von ihm selbst erstellte Grafiken, Tondokumente, Videosequenzen und Texte zu nutzen oder auf lizenzfreie Grafiken, Tondokumente, Videosequenzen und Texte zur\u00fcckzugreifen. Alle innerhalb des Internetangebotes genannten und ggf. durch Dritte gesch\u00fctzten Marken- und Warenzeichen unterliegen uneingeschr\u00e4nkt den Bestimmungen des jeweils g\u00fcltigen Kennzeichenrechts und den Besitzrechten der jeweiligen eingetragenen Eigent\u00fcmer. Allein aufgrund der blo\u00dfen Nennung ist nicht der Schlu\u00df zu ziehen, dass Markenzeichen nicht durch Rechte Dritter gesch\u00fctzt sind. Das Copyright f\u00fcr ver\u00f6ffentlichte, vom Autor selbst erstellte Objekte bleibt allein beim Autor der Seiten. Eine Vervielf\u00e4ltigung oder Verwendung solcher Grafiken, Tondokumente, Videosequenzen und Texte in anderen elektronischen oder gedruckten Publikationen ist ohne ausdr\u00fcckliche Zustimmung des Autors nicht gestattet.<\/p>\n\n\n\n<p><strong>4. Datenschutz<\/strong><\/p>\n\n\n\n<p>Den Schutz Ihrer pers\u00f6nlichen Daten nehmen wir ernst, auch anl\u00e4sslich Ihres Besuches auf unserer Homepage. Ihre Daten werden so gesch\u00fctzt, wie es die gesetzlichen Vorschriften, insbesondere das neue Telemediengesetz vorsehen. Nachfolgend finden Sie Informationen, welche Daten w\u00e4hrend Ihres Besuches auf der Homepage erfasst und wie diese genutzt werden: Gespeicherte Daten Unvermeidlich ist, dass in den Serverstatistiken automatisch solche Daten gespeichert werden, die Ihr Browser uns \u00fcbermittelt. Dies sind Browsertyp und Browserversion, das verwendete Betriebssystem, die Referrer URL (die zuvor besuchte Seite), der Hostname des zugreifenden Rechners (IP Adresse) sowie die Uhrzeit der Serveranfrage. Diese Speicherung dient lediglich internen systembezogenen und statistischen Zwecken. Weitergehende Personenbezogene Daten werden nur erfasst, wenn Sie diese Angaben freiwillig, etwa im Rahmen einer Anfrage und der Registrierung, machen. Die oben genannten Daten sind f\u00fcr uns in der Regel nicht bestimmten Personen zuordenbar, eine Zusammenf\u00fchrung mit diesen Daten mit anderen Datenquellen werden nicht vorgenommen. Nutzung und Weitergabe personenbezogener Daten Soweit Sie uns personenbezogene Daten zur Verf\u00fcgung gestellt haben, verwenden wir diese nur zur Beantwortung Ihrer Anfragen, zur Abwicklung mit uns geschlossener Vertr\u00e4ge und f\u00fcr die technische Administration. Ihre personenbezogenen Daten werden an Dritte nur weitergegeben oder sonst \u00fcbermittelt, wenn dies zum Zwecke der Vertragsabwicklung erforderlich ist, wenn dies zu Abrechnungszwecken erforderlich ist, oder Sie zuvor eingewilligt haben. Sie haben das Recht, eine erteilte Einwilligung mit Wirkung f\u00fcr die Zukunft jederzeit zu widerrufen. Die L\u00f6schung der gespeicherten personenbezogener Daten erfolgt, wenn Sie Ihre Einwilligung zur Speicherung widerrufen, wenn ihre Kenntnis zur Erf\u00fcllung des mit der Speicherung verfolgten Zwecks nicht mehr erforderlich ist oder wenn ihre Speicherung aus sonstigen gesetzlichen Gr\u00fcnden unzul\u00e4ssig ist.<\/p>\n\n\n\n<p><strong>5. Rechtswirksamkeit dieses Haftungsausschlusses<\/strong><\/p>\n\n\n\n<p>Dieser Haftungsausschluss ist als Teil des Internetangebotes zu betrachten, von dem aus auf diese Seite verwiesen wurde. Sofern Teile oder einzelne Formulierungen dieses Textes der geltenden Rechtslage nicht, nicht mehr oder nicht vollst\u00e4ndig entsprechen sollten, bleiben die \u00fcbrigen Teile des Dokumentes in ihrem Inhalt und ihrer G\u00fcltigkeit davon unber\u00fchrt.<\/p>\n\n\n\n<p><strong>6. Erhebung und Verarbeitung personenbezogener Daten<\/strong><\/p>\n\n\n\n<p>\u00dcber unser Kontakformular besteht die M\u00f6glichkeit eine E-Mail Adresse anzugeben. Dies geschieht freiwillig und dient lediglich dazu per E-Mail Fragen von kompetenten Mitarbeitern des Labors zu beantworten.<\/p>\n\n\n\n<p><strong>7. Auskunftsrecht<\/strong><\/p>\n\n\n\n<p>Gerne geben wir Ihnen Auskunft \u00fcber die bei uns gespeicherten pers\u00f6nlichen Daten.<\/p>\n\n\n\n<h2 class=\"wp-block-heading\">Allgemeine Gesch\u00e4ftsbedingungen<\/h2>\n\n\n\n<p><strong>1. Geltung der Bedingungen<\/strong><\/p>\n\n\n\n<p>Leistungen und Angebote der Labormedizin Darmstadt, Einzelunternehmer Dr. Stephan Wehrenfennig erfolgen ausschlie\u00dflich aufgrund dieser Gesch\u00e4ftsbedingungen. Diese gelten somit auch f\u00fcr alle k\u00fcnftigen Gesch\u00e4ftsbeziehungen, auch wenn sie nicht nochmals ausdr\u00fccklich vereinbart werden. Sp\u00e4testens mit der Entgegennahme der Leistung gelten diese Bedingungen als angenommen. Abweichungen von diesen Gesch\u00e4ftsbedingungen sind nur wirksam, wenn diese schriftlich best\u00e4tigt wurden.<br><br><strong>2. Angebot und Vertragsschluss<\/strong><\/p>\n\n\n\n<p>Unsere Angebote sind hinsichtlich Preis, Menge, Lieferfrist und Lieferf\u00e4higkeit unverbindlich, soweit nicht ausdr\u00fccklich etwas anderes vereinbart ist. F\u00fcr den Fall, dass unsere Lieferanten die georderten Laborleistungen oder Waren nicht oder nicht rechtzeitig liefern, sind wir berechtigt, vom Vertrag zur\u00fcckzutreten. Eine schriftliche Auftragsbest\u00e4tigung kann durch unsere Rechnung ersetzt werden. Falls die Bestellung mit unserem Angebot nicht \u00fcbereinstimmt, ist unsere Auftragsbest\u00e4tigung verbindlich.<br><br><strong>3. Preise<\/strong><\/p>\n\n\n\n<p>Unsere Preise gelten zuz\u00fcglich der gesetzlichen Mehrwertsteuer, wo diese Anwendung findet. Sollte die Mehrwertsteuer f\u00fcr bestimmte Leistungen keine Anwendung finden, kann diese dennoch angesetzt werden. M\u00fcndlich oder fernm\u00fcndlich mitgeteilte Preise sind unverbindlich. Es gilt ausschlie\u00dflich ein schriftliches Angebot oder der Rechnungsbetrag. Sp\u00e4ter eintretende Preis\u00e4nderungen der Hersteller und Vorlieferanten oder Wechselkursschwankungen sind nicht ber\u00fccksichtigt und werden entsprechend angepasst. Spezial-Verpackungen werden gesondert in Rechnung gestellt. Sie sind auf der Basis der Kostenverh\u00e4ltnisse zur Zeit der Angebotsabgabe ermittelt. Sollten diese zur Erf\u00fcllung des Auftrages eine Ver\u00e4nderung erfahren, so behalten wir uns eine entsprechende Berichtigung des Abschlusspreises vor. Es gilt stetes das aktuelle Angebot, alle fr\u00fcheren verlieren mit dem Erscheinen des neuen Angebots z.B. auch Aufdruck auf einem Auftragsschein ihre G\u00fcltigkeit. Ist eine nicht vorgesehene Leistung f\u00fcr die Erbringung der Analysenleistung zwingend erforderlich, so besteht auch ohne vorherige Mitteilung an den Auftraggeber ein Anspruch auf besondere Verg\u00fctung. Diese zus\u00e4tzlichen Leistungen werden nach dem aktuellen Angebot\/Aufdruck des Preises auf dem aktuellen Auftragsschein gesondert berechnet. Soweit f\u00fcr die Erledigung eines Auftrages auf Verlangen des Auftraggebers \u00dcberstunden, Wochenend- und Nachtarbeit geleistet werden, beh\u00e4lt sich das Labor vor, angemessene Zuschl\u00e4ge zur Deckung der eigenen Mehrkosten zu erheben.<br><br><strong>4. Liefer-und Leistungszeit<\/strong><\/p>\n\n\n\n<p>Von uns angegebene Lieferzeiten sind unverbindlich. F\u00fcr Folgen versp\u00e4teter oder unterbliebener Lieferung k\u00f6nnen Anspr\u00fcche gegen\u00fcber uns nicht geltend gemacht werden. Das Labor ist zu Teillieferungen jederzeit berechtigt.<br><br><strong>5. Gew\u00e4hrleistung und Haftung<\/strong><\/p>\n\n\n\n<p>Das Labor wendet Normverfahren oder vergleichbare Verfahren nach dem anerkannten Stand der Wissenschaft und Technik an. Soweit erforderlich, werden die Pr\u00fcfverfahren verbessert und der technischen Entwicklung angepasst. Die Richtigkeit und Pr\u00e4zision der Pr\u00fcfergebnisse wird laufend durch externe und interne Qualit\u00e4tssicherungsma\u00dfnahmen \u00fcberwacht. Sollte dennoch eine fehlerhafte Vertragsleistung vorliegen, so kann das Labor verlangen, dass ihm Gelegenheit zu einer kostenlosen Wiederholung der Vertragsleistung gegeben wird. Schadensersatzanspr\u00fcche werden, sofern nicht Vorsatz oder grobe Fahrl\u00e4ssigkeit vorliegt, auf den Ersatz des unmittelbaren Schadens beschr\u00e4nkt. Die Haftung ist begrenzt auf die Deckungssumme der Haftpflichtversicherung des Auftragnehmers. Anspr\u00fcche wegen fehlerhafter Vertragsleistungen verj\u00e4hren nach Ablauf von 6 Monaten, gerechnet vom Zeitpunkt der Ablieferung oder Mitteilung der Untersuchung oder der sonstigen Dienstleistung.<br><br><strong>6. Zahlungen<\/strong><\/p>\n\n\n\n<p>Rechnungen des Labors sind innerhalb von 14 Tagen nach Rechnungsstellung ohne Abzug zahlbar. Anderslautende Vereinbarungen bed\u00fcrfen der schriftlichen Best\u00e4tigung. Bei Auftr\u00e4gen, deren Bearbeitung sich \u00fcber mehr als 1 Monat erstreckt, ist das Labor berechtigt, Abschlags- bzw. Teilrechnungen entsprechend dem Projektfortschritt zu stellen. Die vom Labor erbrachten Leistungen (Laborbefunde, Pr\u00fcfberichte, Gutachten, Produktentwicklung usw.) bleiben bis zur vollst\u00e4ndigen Begleichung der Rechnung im Eigentum des Labors. Ger\u00e4t der Auftraggeber in Zahlungsverzug, so ist das Labor berechtigt, von dem betreffenden Zeitpunkt ab Zinsen in H\u00f6he des von Gesch\u00e4ftsbanken berechneten Zinssatzes f\u00fcr offene Kontokorrentkredite zuz\u00fcglich der gesetzlichen Umsatzsteuer zu berechnen. Der Kunde ist zur Aufrechnung, Zur\u00fcckbehaltung oder Minderung, auch wenn M\u00e4ngelr\u00fcgen oder Gegenanspr\u00fcche geltend gemacht werden, nur dann berechtigt, wenn die Gegenanspr\u00fcche rechtskr\u00e4ftig festgestellt worden und unstreitig sind. Zur Zur\u00fcckbehaltung ist der Kunde jedoch wegen Gegenanspr\u00fcchen aus demselben Vertragsverh\u00e4ltnis berechtigt<strong>7. Urheberrechtsschutz<\/strong><\/p>\n\n\n\n<p>Der Auftraggeber darf die f\u00fcr ihn gefertigten Laborbefunde, Pr\u00fcfberichte und Gutachten sowie die ihm erteilten Ausk\u00fcnfte nur im Rahmen des bestehenden Vertragsverh\u00e4ltnisses f\u00fcr eigene Zwecke verwenden.<br><br><strong>8. Vertraulichkeit<\/strong><\/p>\n\n\n\n<p>Die im Zusammenhang mit den Untersuchungsauftr\u00e4gen erhaltenen Informationen und Ergebnisse werden grunds\u00e4tzlich vertraulich behandelt und nur im Einverst\u00e4ndnis mit dem Auftraggeber gegen\u00fcber Dritten offengelegt. Wir behalten uns allerdings eine innerbetriebliche Verwendung der Daten zu statistischen Zwecken vor. Auf unsere Datenschutzbestimmungen weisen wir hin.<br><br><strong>9. Aufbewahrungspflicht<\/strong><\/p>\n\n\n\n<p>Die zur Untersuchung angelieferten Proben bzw. das nach der Untersuchung vorhandene Restmaterial bleiben bis zur Entsorgung durch das Labor im Besitz des Auftraggebers. Die vom Auftraggeber zur Untersuchung \u00fcberlassenen Proben werden eine ggf. zwei Wochen nach Probeneingang gelagert. Nach Ablauf dieser Frist werden die Proben gem\u00e4\u00df den gesetzlichen Bestimmungen fachgerecht entsorgt. L\u00e4ngere Lagerungszeitr\u00e4ume bed\u00fcrfen einer schriftlichen Vereinbarung zwischen Auftraggeber und Labor. Wenn die Probenlagerung mit unverh\u00e4ltnism\u00e4\u00dfigen Kosten verbunden oder aus sonstigen Gr\u00fcnden nicht zumutbar ist, k\u00f6nnen die Proben dem Auftraggeber zur\u00fcckgegeben werden. Das Labor ist berechtigt, die durch Lagerung, Transport oder die Entsorgung des Probenmaterials entstehenden Kosten dem Auftraggeber in Rechnung zu stellen.<br><br><strong>10. Erf\u00fcllungsort und Gerichtsstand:<\/strong><\/p>\n\n\n\n<p>Erf\u00fcllungsort f\u00fcr alle Lieferungen und Leistungen der Vertragsparteien ist Darmstadt. Als Gerichtsstand gilt ausschlie\u00dflich Darmstadt als vereinbart.&nbsp;<\/p>\n\n\n\n<p>Die vorstehenden Gesch\u00e4ftsbedingungen gelten auch f\u00fcr zuk\u00fcnftige Gesch\u00e4fte. \u00dcber das Vertragsverh\u00e4ltnis entscheidet stets das deutsche Recht.<br><br><strong>11. Salvatorische Klausel<\/strong><\/p>\n\n\n\n<p>Sollten eine oder mehrere Bestimmungen in diesen Gesch\u00e4ftsbedingungen oder eine Bestimmung im Rahmen sonstiger Vereinbarungen unwirksam sein oder werden, so wird hiervon die Wirksamkeit aller sonstigen Bestimmungen nicht ber\u00fchrt.<br><\/p>\n\n\n\n<p>Wenden Sie sich an unseren internen Datenschutzbeauftragten \u00fcber:<br><br>datenschutz@labormedizin-darmstadt.de<br>Rheinstra\u00dfe 44-46<br>64283 Darmstadt<\/p>\n","protected":false},"excerpt":{"rendered":"<p>Hinweis: S\u00e4mtliche Beitr\u00e4ge, soweit nicht anders gekennzeichnet, unterliegen den engen Bestimmungen des Urheberrechts. Herausgeber LaborarztpraxisDr. med. S. WehrenfennigRheinstra\u00dfe 44-4664283 Darmstadt Tel. 06151-27150 Fax 06151-271588 E-Mail info@labormedizin-darmstadt.de Dr. med. S. Wehrenfennig hat sein Medizinstudium und seine Facharztausbildung in Deutschland absolviert und seine Approbation als Arzt ist in Deutschland erteilt worden. Er ist Mitglied der Landes\u00e4rztekammer Hessen.&hellip;<\/p>\n","protected":false},"author":1,"featured_media":0,"parent":0,"menu_order":0,"comment_status":"closed","ping_status":"closed","template":"","meta":{"footnotes":""},"class_list":["post-806","page","type-page","status-publish","hentry"],"_links":{"self":[{"href":"https:\/\/www.labormedizin-darmstadt.de\/index.php\/wp-json\/wp\/v2\/pages\/806","targetHints":{"allow":["GET"]}}],"collection":[{"href":"https:\/\/www.labormedizin-darmstadt.de\/index.php\/wp-json\/wp\/v2\/pages"}],"about":[{"href":"https:\/\/www.labormedizin-darmstadt.de\/index.php\/wp-json\/wp\/v2\/types\/page"}],"author":[{"embeddable":true,"href":"https:\/\/www.labormedizin-darmstadt.de\/index.php\/wp-json\/wp\/v2\/users\/1"}],"replies":[{"embeddable":true,"href":"https:\/\/www.labormedizin-darmstadt.de\/index.php\/wp-json\/wp\/v2\/comments?post=806"}],"version-history":[{"count":5,"href":"https:\/\/www.labormedizin-darmstadt.de\/index.php\/wp-json\/wp\/v2\/pages\/806\/revisions"}],"predecessor-version":[{"id":815,"href":"https:\/\/www.labormedizin-darmstadt.de\/index.php\/wp-json\/wp\/v2\/pages\/806\/revisions\/815"}],"wp:attachment":[{"href":"https:\/\/www.labormedizin-darmstadt.de\/index.php\/wp-json\/wp\/v2\/media?parent=806"}],"curies":[{"name":"wp","href":"https:\/\/api.w.org\/{rel}","templated":true}]}}