
{"id":314,"date":"2023-08-08T16:37:50","date_gmt":"2023-08-08T14:37:50","guid":{"rendered":"http:\/\/152.10.132.158\/?page_id=314"},"modified":"2026-04-08T10:32:53","modified_gmt":"2026-04-08T08:32:53","slug":"karriere","status":"publish","type":"page","link":"https:\/\/www.labormedizin-darmstadt.de\/index.php\/karriere\/","title":{"rendered":"Karriere"},"content":{"rendered":"\n<h2 class=\"wp-block-heading has-text-align-center has-medium-font-size\" style=\"font-style:normal;font-weight:100\"><em>Wir als Arbeitgeber<br><\/em><br><\/h2>\n\n\n\n<p class=\"has-text-align-center\">Sie haben Interesse an einer neuen Herausforderung im medizinischen Bereich und m\u00f6chten sich beruflich weiterentwickeln? Dann senden Sie uns gerne Ihre Bewerbung zu!<\/p>\n\n\n\n<p class=\"has-text-align-center\">Die Zufriedenheit unserer Mitarbeiter hat bei uns hohe Priorit\u00e4t, daher legen wir viel Wert auf eine angenehme Arbeitsatmosph\u00e4re. Die Labormedizin Darmstadt bietet au\u00dferdem Abwechslung, Verantwortung und Weiterentwicklung. Wir freuen uns auf Sie!<br><br><\/p>\n\n\n\n<h2 class=\"wp-block-heading has-text-align-center\" style=\"font-style:normal;font-weight:100\"><br>Bewerbungsprozess<br><br><\/h2>\n\n\n\n<figure class=\"wp-block-table is-style-stripes\"><table class=\"has-fixed-layout\"><tbody><tr><td class=\"has-text-align-center\" data-align=\"center\"><br><mark style=\"background-color:#8ed1fc\" class=\"has-inline-color has-black-color\"><strong>1. Schritt: Bewerbung einreichen<\/strong><\/mark><br><br>Sobald Sie uns Ihre Bewerbungsunterlagen gesendet haben, erhalten Sie eine Eingangsbest\u00e4tigung. Nach Eingang Ihrer Online-Bewerbung sichten und pr\u00fcfen wir Ihre Bewerbungsunterlagen. Bitte reichen Sie uns daher vollst\u00e4ndig folgende Unterlagen (auch gerne in einer pdf-Datei) ein:<br><strong>Aussagekr\u00e4ftiges Anschreiben<\/strong><br><strong>Tabellarischer Lebenslauf<\/strong><br><strong>Zeugnisse \/ Zertifikate<\/strong>.<br>Wir geben Ihnen daraufhin innerhalb von ein bis drei Wochen eine R\u00fcckmeldung.<br>Schicken Sie Ihre Bewerbung bitte an die E-Mail-Adresse <em>bewerbung@labormedizin-darmstadt.de<\/em>.<\/td><\/tr><tr><td class=\"has-text-align-center\" data-align=\"center\"><br><strong><mark style=\"background-color:#8ed1fc\" class=\"has-inline-color has-black-color\">2. Schritt: Erstes Vorstellungsgespr\u00e4ch<\/mark><\/strong><br><br>Ihre Bewerbungsunterlagen haben uns \u00fcberzeugt? Dann folgt nun eine Einladung zu einem ersten Kennenlernen. Wir freuen uns auf ein interessantes Gespr\u00e4ch mit Details \u00fcber Sie und uns.<br>Nach dem ersten Kennenlernen erhalten Sie ein zeitnahes Feedback innerhalb von ein bis zwei Wochen auch zu einem m\u00f6glichen Probearbeiten.<\/td><\/tr><tr><td class=\"has-text-align-center\" data-align=\"center\"><br><strong><mark style=\"background-color:#8ed1fc\" class=\"has-inline-color\">3. Schritt: Probearbeiten<\/mark><\/strong><br><br>Wenn das Vorstellungsgespr\u00e4ch auf beiden Seiten \u00fcberzeugt hat, vereinbaren wir gerne einen Termin zum Probearbeiten. Nun haben Sie die M\u00f6glichkeit, sich unser Labor genauer anzusehen und einige Arbeitsabl\u00e4ufe kennenzulernen.<br>Anschlie\u00dfend erhalten Sie innerhalb weniger Tage eine R\u00fcckmeldung zur finalen Entscheidung.<\/td><\/tr><\/tbody><\/table><\/figure>\n\n\n\n<p><\/p>\n\n\n\n<pre class=\"wp-block-preformatted\"> \n\n\n<\/pre>\n\n\n\n<h2 class=\"wp-block-heading has-text-align-center\" style=\"font-style:normal;font-weight:100\">Stellen im Labor<\/h2>\n\n\n\n<p class=\"has-text-align-center\"><br>Unser Team sucht stets nach Verst\u00e4rkung! M\u00f6gliche offene Stellen sind folgende:<\/p>\n\n\n\n<div class=\"wp-block-group has-white-background-color has-background\" style=\"padding-top:var(--wp--preset--spacing--80);padding-right:0;padding-bottom:var(--wp--preset--spacing--80);padding-left:0\"><div class=\"wp-block-group__inner-container is-layout-flow wp-block-group-is-layout-flow\">\n<div style=\"height:20px\" aria-hidden=\"true\" class=\"wp-block-spacer\"><\/div>\n\n\n\n<div class=\"wp-block-buttons is-content-justification-center is-layout-flex wp-container-core-buttons-is-layout-16018d1d wp-block-buttons-is-layout-flex\">\n<div class=\"wp-block-button has-custom-width wp-block-button__width-50 is-style-outline is-style-outline--1\"><a class=\"wp-block-button__link has-pale-cyan-blue-background-color has-background wp-element-button\" href=\"https:\/\/www.labormedizin-darmstadt.de\/index.php\/stellenausschreibung-mfa\/\">Medizinische\/r Fachangestellte\/r (MFA)<\/a><\/div>\n\n\n\n<div class=\"wp-block-button has-custom-width wp-block-button__width-50 is-style-outline is-style-outline--2\"><a class=\"wp-block-button__link has-pale-cyan-blue-background-color has-background wp-element-button\">Medizinische Technologin \/ Medizinischer Technologe f\u00fcr Laboratoriumsanalytik (MTL)<\/a><\/div>\n\n\n\n<div class=\"wp-block-button has-custom-width wp-block-button__width-50 is-style-outline is-style-outline--3\"><a class=\"wp-block-button__link has-pale-cyan-blue-background-color has-background wp-element-button\">Ausbildung zur\/zum medizinischen Fachangestellten<\/a><\/div>\n\n\n\n<div class=\"wp-block-button has-custom-width wp-block-button__width-50 is-style-outline is-style-outline--4\"><a class=\"wp-block-button__link has-pale-cyan-blue-background-color has-background wp-element-button\">Werkstudentt\u00e4tigkeit<\/a><\/div>\n\n\n\n<div class=\"wp-block-button has-custom-width wp-block-button__width-50 is-style-outline is-style-outline--5\"><a class=\"wp-block-button__link has-pale-cyan-blue-background-color has-background wp-element-button\">Labor\u00e4rztin \/ Laborarzt<br>(zurzeit nicht gesucht)<\/a><\/div>\n<\/div>\n<\/div><\/div>\n\n\n\n<hr class=\"wp-block-separator has-alpha-channel-opacity\"\/>\n\n\n\n<p class=\"has-text-color\" style=\"color:#6d6d6d\">\u00a9 2025 Dr. Stephan Wehrenfennig &#8211; Labor Darmstadt<\/p>\n","protected":false},"excerpt":{"rendered":"<p>Wir als Arbeitgeber Sie haben Interesse an einer neuen Herausforderung im medizinischen Bereich und m\u00f6chten sich beruflich weiterentwickeln? Dann senden Sie uns gerne Ihre Bewerbung zu! Die Zufriedenheit unserer Mitarbeiter hat bei uns hohe Priorit\u00e4t, daher legen wir viel Wert auf eine angenehme Arbeitsatmosph\u00e4re. Die Labormedizin Darmstadt bietet au\u00dferdem Abwechslung, Verantwortung und Weiterentwicklung. Wir freuen&hellip;<\/p>\n","protected":false},"author":1,"featured_media":0,"parent":0,"menu_order":0,"comment_status":"closed","ping_status":"closed","template":"","meta":{"footnotes":""},"class_list":["post-314","page","type-page","status-publish","hentry"],"_links":{"self":[{"href":"https:\/\/www.labormedizin-darmstadt.de\/index.php\/wp-json\/wp\/v2\/pages\/314","targetHints":{"allow":["GET"]}}],"collection":[{"href":"https:\/\/www.labormedizin-darmstadt.de\/index.php\/wp-json\/wp\/v2\/pages"}],"about":[{"href":"https:\/\/www.labormedizin-darmstadt.de\/index.php\/wp-json\/wp\/v2\/types\/page"}],"author":[{"embeddable":true,"href":"https:\/\/www.labormedizin-darmstadt.de\/index.php\/wp-json\/wp\/v2\/users\/1"}],"replies":[{"embeddable":true,"href":"https:\/\/www.labormedizin-darmstadt.de\/index.php\/wp-json\/wp\/v2\/comments?post=314"}],"version-history":[{"count":53,"href":"https:\/\/www.labormedizin-darmstadt.de\/index.php\/wp-json\/wp\/v2\/pages\/314\/revisions"}],"predecessor-version":[{"id":964,"href":"https:\/\/www.labormedizin-darmstadt.de\/index.php\/wp-json\/wp\/v2\/pages\/314\/revisions\/964"}],"wp:attachment":[{"href":"https:\/\/www.labormedizin-darmstadt.de\/index.php\/wp-json\/wp\/v2\/media?parent=314"}],"curies":[{"name":"wp","href":"https:\/\/api.w.org\/{rel}","templated":true}]}}