
{"id":279,"date":"2023-07-14T15:33:41","date_gmt":"2023-07-14T13:33:41","guid":{"rendered":"http:\/\/152.10.132.158\/?page_id=279"},"modified":"2025-09-09T09:14:18","modified_gmt":"2025-09-09T07:14:18","slug":"ueber-uns","status":"publish","type":"page","link":"https:\/\/www.labormedizin-darmstadt.de\/index.php\/ueber-uns\/","title":{"rendered":"\u00dcber uns"},"content":{"rendered":"\n<p>Die Labormedizin Darmstadt setzt alles daran, die Laborbed\u00fcrfnisse unserer Einsender zu erf\u00fcllen.<br><\/p>\n\n\n\n<p>So legen wir besonderen Wert auf guten Service, wobei wir stolz darauf sind, dass im Bereich der H\u00e4matologie, Klinischen Chemie und Immunologie &#8211; in der Mikrobiologie kann das naturgem\u00e4\u00df nicht so sein &#8211; \u00fcber 95% der Werte noch am Tag des Probeneingangs fertig werden.<br><br><\/p>\n\n\n\n<p>Auch beim Management von Eiluntersuchungen und Sonderw\u00fcnschen arbeiten wir auf h\u00f6chstem Niveau. Die Befunderstellung und -mitteilung erfolgt in den meisten F\u00e4llen tagesgleich und erm\u00f6glicht somit eine reibungslose Behandlung Ihrer Patientinnen und Patienten.<br><br><\/p>\n\n\n\n<p>Die Proben gelangen in aller Regel \u00fcber unseren Fahrdienst zu uns.<br><\/p>\n\n\n\n<p>Wir stellen aber auch gerne Transportbeutel f\u00fcr den Postversand, z.B. am Samstag zur Verf\u00fcgung, wie wir Sie selbstverst\u00e4ndlich kostenlos auch mit allen \u00fcbrigen Materialien versorgen, die Sie zum Probentransport ben\u00f6tigen.<br><br><\/p>\n\n\n\n<p>An dieser Stelle erlauben wir uns auch auf die von uns organisatorisch und fachlich betreute <strong><a href=\"http:\/\/www.laborgemeinschaft-odenwald.de\">Laborgemeinschaft Odenwald<\/a><\/strong> (LGO) hinzuweisen, \u00fcber die Sie Informationen auf einer eigenen Seite unserer Internetpr\u00e4sentation finden.<br><br><\/p>\n\n\n\n<p><br><\/p>\n\n\n\n<h3 class=\"wp-block-heading\">Umgang mit Reklamationen<\/h3>\n\n\n\n<p><em>Ihr Anliegen ist uns wichtig!<\/em><br>Wir nehmen stets Ihre Reklamationen und Anregungen entgegen und nutzen diese gerne als Gelegenheit, die Qualit\u00e4t unseres Labores zu verbessern. Alle Reklamationen werden von unserem Qualit\u00e4tsmanagment-Team sorgf\u00e4ltig dokumentiert und gepr\u00fcft. Nach einer Ursachenanalyse werden, je nach Anliegen, schnellstm\u00f6glich Korrekturma\u00dfnahmen eingeleitet und dessen Wirksamkeit \u00fcberpr\u00fcft. <br>Nach Wunsch erfolgt eine R\u00fcckmeldung, abschlie\u00dfend werden j\u00e4hrlich alle Beschwerden in einem Management-Review ausgewertet.<br>Jegliche Anliegen k\u00f6nnen Sie gerne telefonisch oder per E-Mail einreichen (beschwerde@labormedizin-darmstadt.de).<br><br><br><\/p>\n\n\n\n<hr class=\"wp-block-separator has-alpha-channel-opacity\"\/>\n\n\n\n<h3 class=\"wp-block-heading has-text-align-center\"><br>Kontakt<br><br><\/h3>\n\n\n\n<p class=\"has-text-align-center\"><strong>Laborarztpraxis f\u00fcr Labormedizin<\/strong><\/p>\n\n\n\n<p class=\"has-text-align-center\"><br><strong>Dr. med. Stephan Wehrenfennig<\/strong><br>Facharzt f\u00fcr Laboratoriumsmedizin &#8211; Bluttransfusionswesen<\/p>\n\n\n\n<p class=\"has-text-align-center\"><br><strong>Dr. med. Oliver Wankm\u00fcller<\/strong><br>angestellter Facharzt f\u00fcr Laboratoriumsmedizin<\/p>\n\n\n\n<p class=\"has-text-align-center\"><br><strong>Adresse<\/strong><br>Rheinstra\u00dfe 44 &#8211; 46<br>64283 Darmstadt<\/p>\n\n\n\n<p class=\"has-text-align-center\"><br><strong>Telefon<\/strong><br>06151 &#8211; 2715 &#8211; 0<\/p>\n\n\n\n<p class=\"has-text-align-center\"><br><strong>Fax<\/strong><br>06151 &#8211; 2715 &#8211; 88<\/p>\n\n\n\n<p class=\"has-text-align-center\"><br><strong>Mail<\/strong><\/p>\n\n\n<div class=\"wp-block-image\">\n<figure class=\"aligncenter size-full is-resized\"><img loading=\"lazy\" decoding=\"async\" width=\"337\" height=\"41\" src=\"https:\/\/www.labormedizin-darmstadt.de\/wp-content\/uploads\/2025\/08\/Email.jpg\" alt=\"\" class=\"wp-image-918\" style=\"width:262px;height:auto\" srcset=\"https:\/\/www.labormedizin-darmstadt.de\/wp-content\/uploads\/2025\/08\/Email.jpg 337w, https:\/\/www.labormedizin-darmstadt.de\/wp-content\/uploads\/2025\/08\/Email-300x36.jpg 300w\" sizes=\"auto, (max-width: 337px) 100vw, 337px\" \/><\/figure>\n<\/div>\n\n\n<p class=\"has-text-align-center\"><br><strong>\u00d6ffnungszeiten und Materialannahme<\/strong><br>Mo &#8211; Fr: 8.00 &#8211; 17.00 Uhr<br>Ab 17 Uhr Probeneinwurf direkt am Laboreingang, Rheinstra\u00dfe 44 &#8211; 46, oder in der Alpha-Apotheke, Rheinstra\u00dfe 8<\/p>\n\n\n\n<p class=\"has-text-align-center\"><br><strong>Blutentnahme<\/strong><br><a href=\"https:\/\/termine.labormedizin-darmstadt.de\" target=\"_blank\" rel=\"noreferrer noopener\">termine.labormedizin-darmstadt.de<\/a><\/p>\n\n\n\n<p class=\"has-text-align-center\"><br><strong>Parken<\/strong><br>80 \u00f6ffentliche Parkpl\u00e4tze befinden sich gegen\u00fcber, Zufahrt \u00fcber Rheinstra\u00dfe 51 oder Kasinostra\u00dfe 4<\/p>\n\n\n\n<p class=\"has-text-align-center\"><br>Am einfachsten erreichen Sie uns mit \u00f6ffentlichen Verkehrsmitteln (alle Bus- und Stra\u00dfenbahnlinien). <a href=\"http:\/\/www.darmstadt.de\/\" target=\"_blank\" rel=\"noreferrer noopener\">Darmstadt<\/a> ist \u00fcberregional in das Verkehrsnetz des <a href=\"https:\/\/www.rmv.de\/c\/de\/start\" data-type=\"link\" data-id=\"https:\/\/www.rmv.de\/c\/de\/start\">RMV<\/a> integriert.<br><br><br>Alle \u00c4rzte haben ihr Medizinstudium und ihre Facharztausbildung in Deutschland absolviert und ihre Approbation als Arzt ist in Deutschland erteilt worden. Sie sind Mitglieder der Landes\u00e4rztekammer Hessen. Die aktuelle Berufsordnung ist unter <a href=\"http:\/\/www.laekh.de\">www.laekh.de<\/a> einsehbar.<br><br><br><\/p>\n\n\n\n\n\n<p class=\"has-text-align-center\"><br><\/p>\n\n\n\n<hr class=\"wp-block-separator has-alpha-channel-opacity is-style-default\"\/>\n\n\n\n<p class=\"has-text-color\" style=\"color:#746f6f\">\u00a9 2025 Dr. Stephan Wehrenfennig &#8211; Labor Darmstadt<\/p>\n","protected":false},"excerpt":{"rendered":"<p>Die Labormedizin Darmstadt setzt alles daran, die Laborbed\u00fcrfnisse unserer Einsender zu erf\u00fcllen. So legen wir besonderen Wert auf guten Service, wobei wir stolz darauf sind, dass im Bereich der H\u00e4matologie, Klinischen Chemie und Immunologie &#8211; in der Mikrobiologie kann das naturgem\u00e4\u00df nicht so sein &#8211; \u00fcber 95% der Werte noch am Tag des Probeneingangs fertig&hellip;<\/p>\n","protected":false},"author":1,"featured_media":0,"parent":0,"menu_order":0,"comment_status":"closed","ping_status":"closed","template":"","meta":{"footnotes":""},"class_list":["post-279","page","type-page","status-publish","hentry"],"_links":{"self":[{"href":"https:\/\/www.labormedizin-darmstadt.de\/index.php\/wp-json\/wp\/v2\/pages\/279","targetHints":{"allow":["GET"]}}],"collection":[{"href":"https:\/\/www.labormedizin-darmstadt.de\/index.php\/wp-json\/wp\/v2\/pages"}],"about":[{"href":"https:\/\/www.labormedizin-darmstadt.de\/index.php\/wp-json\/wp\/v2\/types\/page"}],"author":[{"embeddable":true,"href":"https:\/\/www.labormedizin-darmstadt.de\/index.php\/wp-json\/wp\/v2\/users\/1"}],"replies":[{"embeddable":true,"href":"https:\/\/www.labormedizin-darmstadt.de\/index.php\/wp-json\/wp\/v2\/comments?post=279"}],"version-history":[{"count":47,"href":"https:\/\/www.labormedizin-darmstadt.de\/index.php\/wp-json\/wp\/v2\/pages\/279\/revisions"}],"predecessor-version":[{"id":924,"href":"https:\/\/www.labormedizin-darmstadt.de\/index.php\/wp-json\/wp\/v2\/pages\/279\/revisions\/924"}],"wp:attachment":[{"href":"https:\/\/www.labormedizin-darmstadt.de\/index.php\/wp-json\/wp\/v2\/media?parent=279"}],"curies":[{"name":"wp","href":"https:\/\/api.w.org\/{rel}","templated":true}]}}