
{"id":2,"date":"2023-05-17T11:56:14","date_gmt":"2023-05-17T09:56:14","guid":{"rendered":"http:\/\/152.10.132.158\/wordpress\/?page_id=2"},"modified":"2025-03-11T15:06:29","modified_gmt":"2025-03-11T14:06:29","slug":"beispiel-seite","status":"publish","type":"page","link":"https:\/\/www.labormedizin-darmstadt.de\/","title":{"rendered":""},"content":{"rendered":"\n<figure class=\"wp-block-image size-large\"><img loading=\"lazy\" decoding=\"async\" width=\"1024\" height=\"337\" src=\"http:\/\/152.10.132.158\/wp-content\/uploads\/2023\/05\/cropped-cropped-cropped-logo-1024x337.png\" alt=\"\" class=\"wp-image-23\" srcset=\"https:\/\/www.labormedizin-darmstadt.de\/wp-content\/uploads\/2023\/05\/cropped-cropped-cropped-logo-1024x337.png 1024w, https:\/\/www.labormedizin-darmstadt.de\/wp-content\/uploads\/2023\/05\/cropped-cropped-cropped-logo-300x99.png 300w, https:\/\/www.labormedizin-darmstadt.de\/wp-content\/uploads\/2023\/05\/cropped-cropped-cropped-logo-768x252.png 768w, https:\/\/www.labormedizin-darmstadt.de\/wp-content\/uploads\/2023\/05\/cropped-cropped-cropped-logo-1536x505.png 1536w, https:\/\/www.labormedizin-darmstadt.de\/wp-content\/uploads\/2023\/05\/cropped-cropped-cropped-logo.png 1673w\" sizes=\"auto, (max-width: 1024px) 100vw, 1024px\" \/><\/figure>\n\n\n\n<h3 class=\"wp-block-heading has-text-align-center\" style=\"font-style:normal;font-weight:100\">LABORARZTPRAXIS<\/h3>\n\n\n\n<h2 class=\"wp-block-heading has-text-align-center\">Dr. med. S. Wehrenfennig<\/h2>\n\n\n\n<p class=\"has-text-align-center\">Facharzt f\u00fcr Laboratoriumsmedizin &amp; Bluttransfusionswesen<br><\/p>\n\n\n\n<h2 class=\"wp-block-heading has-text-align-center\">Dr. med. O. Wankm\u00fcller<\/h2>\n\n\n\n<p class=\"has-text-align-center\">angestellter Facharzt f\u00fcr Laboratoriumsmedizin<br><br><br><br><\/p>\n\n\n\n<h2 class=\"wp-block-heading has-text-align-center has-text-color has-link-color wp-elements-d4a3d3863b1fa636c319e6fe94176ff5\" style=\"color:#6ca3c5;font-style:italic;font-weight:500\">Ihre Labordiagnostik &#8211; morgens eingesandt, nachmittags abgerufen!<\/h2>\n\n\n\n<p class=\"has-text-align-center\"><br><\/p>\n\n\n\n<h2 class=\"wp-block-heading has-text-align-center has-text-color has-link-color wp-elements-d3019494e8d2c47e6c19021b1283b285\" style=\"color:#4a7d9f\">Am besten: Labormedizin Darmstadt<br><\/h2>\n\n\n\n<h2 class=\"wp-block-heading has-text-align-center has-text-color has-link-color wp-elements-e6073a38ff69d3272022698a6d05b594\" style=\"color:#4a7d9f\">Rasch.<br>Regional.<br>Rational.<\/h2>\n\n\n\n<div class=\"wp-block-columns are-vertically-aligned-center is-layout-flex wp-container-core-columns-is-layout-9d6595d7 wp-block-columns-is-layout-flex\">\n<div class=\"wp-block-column is-vertically-aligned-center is-layout-flow wp-block-column-is-layout-flow\" style=\"flex-basis:50%\">\n<p><\/p>\n<\/div>\n\n\n\n<div class=\"wp-block-column is-vertically-aligned-center is-layout-flow wp-block-column-is-layout-flow\" style=\"flex-basis:50%\">\n<figure class=\"wp-block-image is-resized\"><a href=\"https:\/\/laborgemeinschaft-odenwald.de\/\"><img loading=\"lazy\" decoding=\"async\" width=\"166\" height=\"161\" src=\"https:\/\/www.labormedizin-darmstadt.de\/wp-content\/uploads\/2025\/03\/MitLG.jpg\" alt=\"\" class=\"wp-image-830\" style=\"width:106px;height:auto\"\/><\/a><\/figure>\n<\/div>\n<\/div>\n\n\n\n\n\n<h3 class=\"wp-block-heading has-text-align-center\" style=\"font-style:normal;font-weight:600\"><br><br>\u00d6ffnungszeiten und Materialannahme:<\/h3>\n\n\n\n<p class=\"has-text-align-center\">Montags &#8211; Freitags 8.00 &#8211; 17.00 Uhr<br>Ab 17 Uhr <strong>Probeneinwurf<\/strong> direkt am Laboreingang Rheinstra\u00dfe 44 &#8211; 46 oder in der Alpha Apotheke Rheinstra\u00dfe 8<\/p>\n\n\n\n<h4 class=\"wp-block-heading has-text-align-center\" style=\"font-style:normal;font-weight:700\"><br><br><br><\/h4>\n\n\n\n<h4 class=\"wp-block-heading has-text-align-center has-black-color has-white-background-color has-text-color has-background\"><strong>Tel.: 06151-27150<\/strong><br><strong><br>Fax:<\/strong> <strong>06151-271588<\/strong><br><br><strong><em>info@labormedizin-darmstadt.de<\/em><\/strong><br><br>Rheinstra\u00dfe 44 &#8211; 46, 64283 Darmstadt<br><br><br><\/h4>\n\n\n\n<hr class=\"wp-block-separator has-alpha-channel-opacity\"\/>\n\n\n<nav class=\"is-responsive wp-block-navigation is-layout-flex wp-block-navigation-is-layout-flex\" aria-label=\"Informationen f\u00fcr \u00c4rzte\" \n\t\t data-wp-interactive=\"core\/navigation\" data-wp-context='{\"overlayOpenedBy\":{\"click\":false,\"hover\":false,\"focus\":false},\"type\":\"overlay\",\"roleAttribute\":\"\",\"ariaLabel\":\"Men\\u00fc\"}'><button aria-haspopup=\"dialog\" aria-label=\"Men\u00fc \u00f6ffnen\" class=\"wp-block-navigation__responsive-container-open\" \n\t\t\t\tdata-wp-on--click=\"actions.openMenuOnClick\"\n\t\t\t\tdata-wp-on--keydown=\"actions.handleMenuKeydown\"\n\t\t\t><svg width=\"24\" height=\"24\" xmlns=\"http:\/\/www.w3.org\/2000\/svg\" viewBox=\"0 0 24 24\" aria-hidden=\"true\" focusable=\"false\"><path d=\"M4 7.5h16v1.5H4z\"><\/path><path d=\"M4 15h16v1.5H4z\"><\/path><\/svg><\/button>\n\t\t\t\t<div class=\"wp-block-navigation__responsive-container\"  id=\"modal-1\" \n\t\t\t\tdata-wp-class--has-modal-open=\"state.isMenuOpen\"\n\t\t\t\tdata-wp-class--is-menu-open=\"state.isMenuOpen\"\n\t\t\t\tdata-wp-watch=\"callbacks.initMenu\"\n\t\t\t\tdata-wp-on--keydown=\"actions.handleMenuKeydown\"\n\t\t\t\tdata-wp-on--focusout=\"actions.handleMenuFocusout\"\n\t\t\t\ttabindex=\"-1\"\n\t\t\t>\n\t\t\t\t\t<div class=\"wp-block-navigation__responsive-close\" tabindex=\"-1\">\n\t\t\t\t\t\t<div class=\"wp-block-navigation__responsive-dialog\" \n\t\t\t\tdata-wp-bind--aria-modal=\"state.ariaModal\"\n\t\t\t\tdata-wp-bind--aria-label=\"state.ariaLabel\"\n\t\t\t\tdata-wp-bind--role=\"state.roleAttribute\"\n\t\t\t>\n\t\t\t\t\t\t\t<button aria-label=\"Men\u00fc schlie\u00dfen\" class=\"wp-block-navigation__responsive-container-close\" \n\t\t\t\tdata-wp-on--click=\"actions.closeMenuOnClick\"\n\t\t\t><svg xmlns=\"http:\/\/www.w3.org\/2000\/svg\" viewBox=\"0 0 24 24\" width=\"24\" height=\"24\" aria-hidden=\"true\" focusable=\"false\"><path d=\"m13.06 12 6.47-6.47-1.06-1.06L12 10.94 5.53 4.47 4.47 5.53 10.94 12l-6.47 6.47 1.06 1.06L12 13.06l6.47 6.47 1.06-1.06L13.06 12Z\"><\/path><\/svg><\/button>\n\t\t\t\t\t\t\t<div class=\"wp-block-navigation__responsive-container-content\" \n\t\t\t\tdata-wp-watch=\"callbacks.focusFirstElement\"\n\t\t\t id=\"modal-1-content\">\n\t\t\t\t\t\t\t\t<ul class=\"wp-block-navigation__container is-responsive wp-block-navigation\"><li class=\" wp-block-navigation-item wp-block-navigation-link\"><a class=\"wp-block-navigation-item__content\"  href=\"https:\/\/www.labormedizin-darmstadt.de\/index.php\/impressum\/\"><span class=\"wp-block-navigation-item__label\">Impressum, AGB und Datenschutz<\/span><\/a><\/li><\/ul>\n\t\t\t\t\t\t\t<\/div>\n\t\t\t\t\t\t<\/div>\n\t\t\t\t\t<\/div>\n\t\t\t\t<\/div><\/nav>\n\n\n<p>\u00a9 2025 Dr. Stephan Wehrenfennig &#8211; Labor Darmstadt<\/p>\n","protected":false},"excerpt":{"rendered":"<p>LABORARZTPRAXIS Dr. med. S. Wehrenfennig Facharzt f\u00fcr Laboratoriumsmedizin &amp; Bluttransfusionswesen Dr. med. O. Wankm\u00fcller angestellter Facharzt f\u00fcr Laboratoriumsmedizin Ihre Labordiagnostik &#8211; morgens eingesandt, nachmittags abgerufen! Am besten: Labormedizin Darmstadt Rasch.Regional.Rational. \u00d6ffnungszeiten und Materialannahme: Montags &#8211; Freitags 8.00 &#8211; 17.00 UhrAb 17 Uhr Probeneinwurf direkt am Laboreingang Rheinstra\u00dfe 44 &#8211; 46 oder in der Alpha Apotheke&hellip;<\/p>\n","protected":false},"author":1,"featured_media":0,"parent":0,"menu_order":0,"comment_status":"closed","ping_status":"open","template":"","meta":{"footnotes":""},"class_list":["post-2","page","type-page","status-publish","hentry"],"_links":{"self":[{"href":"https:\/\/www.labormedizin-darmstadt.de\/index.php\/wp-json\/wp\/v2\/pages\/2","targetHints":{"allow":["GET"]}}],"collection":[{"href":"https:\/\/www.labormedizin-darmstadt.de\/index.php\/wp-json\/wp\/v2\/pages"}],"about":[{"href":"https:\/\/www.labormedizin-darmstadt.de\/index.php\/wp-json\/wp\/v2\/types\/page"}],"author":[{"embeddable":true,"href":"https:\/\/www.labormedizin-darmstadt.de\/index.php\/wp-json\/wp\/v2\/users\/1"}],"replies":[{"embeddable":true,"href":"https:\/\/www.labormedizin-darmstadt.de\/index.php\/wp-json\/wp\/v2\/comments?post=2"}],"version-history":[{"count":69,"href":"https:\/\/www.labormedizin-darmstadt.de\/index.php\/wp-json\/wp\/v2\/pages\/2\/revisions"}],"predecessor-version":[{"id":839,"href":"https:\/\/www.labormedizin-darmstadt.de\/index.php\/wp-json\/wp\/v2\/pages\/2\/revisions\/839"}],"wp:attachment":[{"href":"https:\/\/www.labormedizin-darmstadt.de\/index.php\/wp-json\/wp\/v2\/media?parent=2"}],"curies":[{"name":"wp","href":"https:\/\/api.w.org\/{rel}","templated":true}]}}